{"id":682,"date":"2020-04-13T19:31:06","date_gmt":"2020-04-13T19:31:06","guid":{"rendered":"http:\/\/mainospalvelu.net\/?page_id=682"},"modified":"2020-04-13T19:42:14","modified_gmt":"2020-04-13T19:42:14","slug":"etiketit-ja-pakkaukset","status":"publish","type":"page","link":"https:\/\/mainospalvelu.net\/?page_id=682","title":{"rendered":"Etiketit ja pakkaukset"},"content":{"rendered":"<h4 style=\"text-align: center;\">Etiketit ja pakkaukset<\/h4>\n<p>&nbsp;<\/p>\n<p><img loading=\"lazy\" decoding=\"async\" class=\"aligncenter wp-image-472\" src=\"http:\/\/mainospalvelu.net\/wp-content\/uploads\/2020\/04\/ilmastoinnin-raikastaja-300x170.jpg\" alt=\"\" width=\"700\" height=\"396\" srcset=\"https:\/\/mainospalvelu.net\/wp-content\/uploads\/2020\/04\/ilmastoinnin-raikastaja-300x170.jpg 300w, https:\/\/mainospalvelu.net\/wp-content\/uploads\/2020\/04\/ilmastoinnin-raikastaja-1024x580.jpg 1024w, https:\/\/mainospalvelu.net\/wp-content\/uploads\/2020\/04\/ilmastoinnin-raikastaja-768x435.jpg 768w, https:\/\/mainospalvelu.net\/wp-content\/uploads\/2020\/04\/ilmastoinnin-raikastaja-1536x870.jpg 1536w, https:\/\/mainospalvelu.net\/wp-content\/uploads\/2020\/04\/ilmastoinnin-raikastaja-150x85.jpg 150w, https:\/\/mainospalvelu.net\/wp-content\/uploads\/2020\/04\/ilmastoinnin-raikastaja.jpg 1982w\" sizes=\"auto, (max-width: 700px) 100vw, 700px\" \/><\/p>\n<p style=\"text-align: center;\"><em style=\"text-align: center;\">Kotimainen Finisol Pro -tuotesarja, valmistuttaja \u00d6rum.<br \/>\n<\/em><em>Mainospalvelussa on suunniteltu sarjaan sek\u00e4 logo ett\u00e4 etiketit.<\/em><\/p>\n<p>&nbsp;<\/p>\n<p style=\"text-align: center;\"><img loading=\"lazy\" decoding=\"async\" class=\"aligncenter wp-image-690\" src=\"http:\/\/mainospalvelu.net\/wp-content\/uploads\/2020\/04\/Economic-Lasinpesuneste_5l-243x300.jpg\" alt=\"\" width=\"400\" height=\"494\" srcset=\"https:\/\/mainospalvelu.net\/wp-content\/uploads\/2020\/04\/Economic-Lasinpesuneste_5l-243x300.jpg 243w, https:\/\/mainospalvelu.net\/wp-content\/uploads\/2020\/04\/Economic-Lasinpesuneste_5l-829x1024.jpg 829w, https:\/\/mainospalvelu.net\/wp-content\/uploads\/2020\/04\/Economic-Lasinpesuneste_5l-768x948.jpg 768w, https:\/\/mainospalvelu.net\/wp-content\/uploads\/2020\/04\/Economic-Lasinpesuneste_5l-121x150.jpg 121w, https:\/\/mainospalvelu.net\/wp-content\/uploads\/2020\/04\/Economic-Lasinpesuneste_5l.jpg 1000w\" sizes=\"auto, (max-width: 400px) 100vw, 400px\" \/><em>Economic-logo ja etiketti, \u00d6rum 2016<br \/>\n<\/em><\/p>\n","protected":false},"excerpt":{"rendered":"<p>Etiketit ja pakkaukset &nbsp; Kotimainen Finisol Pro -tuotesarja, valmistuttaja \u00d6rum. Mainospalvelussa on suunniteltu sarjaan sek\u00e4 logo ett\u00e4 etiketit. &nbsp; Economic-logo ja etiketti, \u00d6rum 2016<\/p>\n<p> <a class=\"continue-reading-link\" href=\"https:\/\/mainospalvelu.net\/?page_id=682\"><span>Jatka lukemista<\/span><i class=\"crycon-right-dir\"><\/i><\/a> <\/p>\n","protected":false},"author":3,"featured_media":0,"parent":4,"menu_order":0,"comment_status":"closed","ping_status":"closed","template":"","meta":{"footnotes":""},"class_list":["post-682","page","type-page","status-publish","hentry"],"_links":{"self":[{"href":"https:\/\/mainospalvelu.net\/index.php?rest_route=\/wp\/v2\/pages\/682","targetHints":{"allow":["GET"]}}],"collection":[{"href":"https:\/\/mainospalvelu.net\/index.php?rest_route=\/wp\/v2\/pages"}],"about":[{"href":"https:\/\/mainospalvelu.net\/index.php?rest_route=\/wp\/v2\/types\/page"}],"author":[{"embeddable":true,"href":"https:\/\/mainospalvelu.net\/index.php?rest_route=\/wp\/v2\/users\/3"}],"replies":[{"embeddable":true,"href":"https:\/\/mainospalvelu.net\/index.php?rest_route=%2Fwp%2Fv2%2Fcomments&post=682"}],"version-history":[{"count":7,"href":"https:\/\/mainospalvelu.net\/index.php?rest_route=\/wp\/v2\/pages\/682\/revisions"}],"predecessor-version":[{"id":693,"href":"https:\/\/mainospalvelu.net\/index.php?rest_route=\/wp\/v2\/pages\/682\/revisions\/693"}],"up":[{"embeddable":true,"href":"https:\/\/mainospalvelu.net\/index.php?rest_route=\/wp\/v2\/pages\/4"}],"wp:attachment":[{"href":"https:\/\/mainospalvelu.net\/index.php?rest_route=%2Fwp%2Fv2%2Fmedia&parent=682"}],"curies":[{"name":"wp","href":"https:\/\/api.w.org\/{rel}","templated":true}]}}