{"id":6,"date":"2018-04-05T08:43:12","date_gmt":"2018-04-05T08:43:12","guid":{"rendered":"http:\/\/mainospalvelu.net\/?page_id=6"},"modified":"2023-11-29T11:06:56","modified_gmt":"2023-11-29T11:06:56","slug":"logot-ja-tunnukset","status":"publish","type":"page","link":"https:\/\/mainospalvelu.net\/?page_id=6","title":{"rendered":"Logot ja tunnukset"},"content":{"rendered":"<h4 style=\"text-align: center;\">Logot, liikemerkit ja tunnukset<\/h4>\n<p>&nbsp;<\/p>\n<p style=\"text-align: center;\">Suunnittelemme yrityksellesi tai yhteis\u00f6llesi kaikki tarvitsemasi visuaaliset tunnukset. Hintaan sis\u00e4ltyy haluttaessa logon graafinen k\u00e4ytt\u00f6ohjeistus pdf-muodossa. Teemme juhla- ja tapahtumavinjettej\u00e4 my\u00f6s olemassa olevien logojen pohjalta ja piirr\u00e4mme puhtaaksi ja tuotamme s\u00e4hk\u00f6iseen muotoon vanhoja paperiaineistona olevia tunnuksia.<\/p>\n<p style=\"text-align: center;\">Tarvitseeko vanha liikemerkkisi tai logosi p\u00e4ivityst\u00e4 vai haluatko kokonaan uuden visuaalisen ilmeen? Logon ja liikemerkin lis\u00e4ksi yhdenmukainen fontisto, v\u00e4rimaailma ja selke\u00e4 yritysilme auttavat asiakkaitasi tunnistamaan tuotteesi ja palvelusi.<\/p>\n<p>&nbsp;<\/p>\n<p><img loading=\"lazy\" decoding=\"async\" class=\"size-medium wp-image-827 aligncenter\" src=\"http:\/\/mainospalvelu.net\/wp-content\/uploads\/2023\/01\/1_memmelogo_netti-300x253.jpg\" alt=\"\" width=\"300\" height=\"253\" srcset=\"https:\/\/mainospalvelu.net\/wp-content\/uploads\/2023\/01\/1_memmelogo_netti-300x253.jpg 300w, https:\/\/mainospalvelu.net\/wp-content\/uploads\/2023\/01\/1_memmelogo_netti-1024x863.jpg 1024w, https:\/\/mainospalvelu.net\/wp-content\/uploads\/2023\/01\/1_memmelogo_netti-768x648.jpg 768w, https:\/\/mainospalvelu.net\/wp-content\/uploads\/2023\/01\/1_memmelogo_netti-1536x1295.jpg 1536w, https:\/\/mainospalvelu.net\/wp-content\/uploads\/2023\/01\/1_memmelogo_netti-150x126.jpg 150w, https:\/\/mainospalvelu.net\/wp-content\/uploads\/2023\/01\/1_memmelogo_netti.jpg 1600w\" sizes=\"auto, (max-width: 300px) 100vw, 300px\" \/><\/p>\n<p style=\"text-align: center;\"><em>Terapiapalveluita tarjoavan yrityksen logo 2022.<\/em><\/p>\n<p style=\"text-align: center;\"><em><img loading=\"lazy\" decoding=\"async\" class=\"aligncenter wp-image-812 size-medium\" src=\"http:\/\/mainospalvelu.net\/wp-content\/uploads\/2021\/12\/Screenshot-2021-12-15-at-21-47-10-tuolit-indd-tuolit-indd-pdf-300x282.png\" alt=\"\" width=\"300\" height=\"282\" srcset=\"https:\/\/mainospalvelu.net\/wp-content\/uploads\/2021\/12\/Screenshot-2021-12-15-at-21-47-10-tuolit-indd-tuolit-indd-pdf-300x282.png 300w, https:\/\/mainospalvelu.net\/wp-content\/uploads\/2021\/12\/Screenshot-2021-12-15-at-21-47-10-tuolit-indd-tuolit-indd-pdf-150x141.png 150w, https:\/\/mainospalvelu.net\/wp-content\/uploads\/2021\/12\/Screenshot-2021-12-15-at-21-47-10-tuolit-indd-tuolit-indd-pdf.png 710w\" sizes=\"auto, (max-width: 300px) 100vw, 300px\" \/><\/em><em>Keskusteluyhteis\u00f6n tunnus Facebook-sivustolle 2020.<\/em><\/p>\n<p>&nbsp;<\/p>\n<p style=\"text-align: center;\"><img loading=\"lazy\" decoding=\"async\" class=\"alignnone wp-image-272\" src=\"http:\/\/mainospalvelu.net\/wp-content\/uploads\/2020\/04\/kotikulma.jpg\" alt=\"\" width=\"600\" height=\"148\" srcset=\"https:\/\/mainospalvelu.net\/wp-content\/uploads\/2020\/04\/kotikulma.jpg 848w, https:\/\/mainospalvelu.net\/wp-content\/uploads\/2020\/04\/kotikulma-300x74.jpg 300w, https:\/\/mainospalvelu.net\/wp-content\/uploads\/2020\/04\/kotikulma-768x189.jpg 768w, https:\/\/mainospalvelu.net\/wp-content\/uploads\/2020\/04\/kotikulma-150x37.jpg 150w\" sizes=\"auto, (max-width: 600px) 100vw, 600px\" \/><\/p>\n<p style=\"text-align: center;\"><em>Ik\u00e4instituutin Yhdess\u00e4 Kotikulmilla -hankkeelle (2017\u20132020) suunniteltu tunnussarja.<\/em><\/p>\n<p style=\"text-align: center;\">Kotikulmilla-toiminta on suunnattu kaupungeissa ja l\u00e4hi\u00f6iss\u00e4 asuville i\u00e4kk\u00e4ille. Hankkeen tavoitteena on lis\u00e4t\u00e4 yhdess\u00e4oloa taloyhti\u00f6iss\u00e4 ja v\u00e4hent\u00e4\u00e4 ik\u00e4ihmisten yksin\u00e4isyytt\u00e4.<\/p>\n<p><img loading=\"lazy\" decoding=\"async\" class=\"wp-image-295 size-full aligncenter\" src=\"http:\/\/mainospalvelu.net\/wp-content\/uploads\/2020\/04\/kaatu.jpg\" alt=\"\" width=\"534\" height=\"173\" srcset=\"https:\/\/mainospalvelu.net\/wp-content\/uploads\/2020\/04\/kaatu.jpg 534w, https:\/\/mainospalvelu.net\/wp-content\/uploads\/2020\/04\/kaatu-300x97.jpg 300w, https:\/\/mainospalvelu.net\/wp-content\/uploads\/2020\/04\/kaatu-150x49.jpg 150w\" sizes=\"auto, (max-width: 534px) 100vw, 534px\" \/><\/p>\n<p style=\"text-align: center;\"><em>UKK-Instituutin KaatumisSeula\u00ae-hankkeen logo.<\/em><\/p>\n<p style=\"text-align: center;\">Hankkeen tavoitteena oli lis\u00e4t\u00e4 i\u00e4kk\u00e4iden ja heid\u00e4n l\u00e4heistens\u00e4 tiet\u00e4myst\u00e4 kaatumisen vaaratekij\u00f6ist\u00e4 sek\u00e4 kartoittaa ja puuttua niihin tarkoituksenmukaisesti. RAY:n rahoittama hanke toteutettiin vuosien 2014\u20132016 aikana.<\/p>\n<p>&nbsp;<\/p>\n<p><img loading=\"lazy\" decoding=\"async\" class=\"aligncenter wp-image-886\" src=\"http:\/\/mainospalvelu.net\/wp-content\/uploads\/2023\/11\/elamyspuoti-300x181.jpg\" alt=\"\" width=\"400\" height=\"241\" srcset=\"https:\/\/mainospalvelu.net\/wp-content\/uploads\/2023\/11\/elamyspuoti-300x181.jpg 300w, https:\/\/mainospalvelu.net\/wp-content\/uploads\/2023\/11\/elamyspuoti-1024x618.jpg 1024w, https:\/\/mainospalvelu.net\/wp-content\/uploads\/2023\/11\/elamyspuoti-768x464.jpg 768w, https:\/\/mainospalvelu.net\/wp-content\/uploads\/2023\/11\/elamyspuoti-1536x927.jpg 1536w, https:\/\/mainospalvelu.net\/wp-content\/uploads\/2023\/11\/elamyspuoti-150x91.jpg 150w, https:\/\/mainospalvelu.net\/wp-content\/uploads\/2023\/11\/elamyspuoti.jpg 1890w\" sizes=\"auto, (max-width: 400px) 100vw, 400px\" \/><\/p>\n<p style=\"text-align: center;\"><em>Logon suunnittelu 2011<\/em><br \/>\nEl\u00e4myspuoti on kodikas k\u00e4sintehtyjen tuotteiden myym\u00e4l\u00e4 Heinolan keskustassa.<\/p>\n<p style=\"text-align: center;\"><em><img loading=\"lazy\" decoding=\"async\" class=\"alignnone wp-image-301\" src=\"http:\/\/mainospalvelu.net\/wp-content\/uploads\/2020\/04\/10483945_1012569388769485_1496138597877901088_o-300x109.jpg\" alt=\"\" width=\"400\" height=\"145\" srcset=\"https:\/\/mainospalvelu.net\/wp-content\/uploads\/2020\/04\/10483945_1012569388769485_1496138597877901088_o-300x109.jpg 300w, https:\/\/mainospalvelu.net\/wp-content\/uploads\/2020\/04\/10483945_1012569388769485_1496138597877901088_o-1024x371.jpg 1024w, https:\/\/mainospalvelu.net\/wp-content\/uploads\/2020\/04\/10483945_1012569388769485_1496138597877901088_o-768x278.jpg 768w, https:\/\/mainospalvelu.net\/wp-content\/uploads\/2020\/04\/10483945_1012569388769485_1496138597877901088_o-1536x556.jpg 1536w, https:\/\/mainospalvelu.net\/wp-content\/uploads\/2020\/04\/10483945_1012569388769485_1496138597877901088_o-2048x742.jpg 2048w, https:\/\/mainospalvelu.net\/wp-content\/uploads\/2020\/04\/10483945_1012569388769485_1496138597877901088_o-150x54.jpg 150w\" sizes=\"auto, (max-width: 400px) 100vw, 400px\" \/><br \/>\n<\/em><em>Yhdistyslogo<\/em><\/p>\n<p style=\"text-align: center;\">Poliittisesti sitoutumaton yhdistys toimii el\u00e4kel\u00e4isten ja ik\u00e4\u00e4ntyneiden edunvalvojana ja j\u00e4senist\u00f6ns\u00e4 yhteiskunnallisen vaikuttamisen sek\u00e4 omaehtoisen harrastustoiminnan ja itseilmaisun kanavana.<\/p>\n<p>&nbsp;<\/p>\n<p><em><img loading=\"lazy\" decoding=\"async\" class=\"aligncenter wp-image-277\" src=\"http:\/\/mainospalvelu.net\/wp-content\/uploads\/2020\/04\/logoarkki.jpg\" alt=\"\" width=\"546\" height=\"307\" srcset=\"https:\/\/mainospalvelu.net\/wp-content\/uploads\/2020\/04\/logoarkki.jpg 801w, https:\/\/mainospalvelu.net\/wp-content\/uploads\/2020\/04\/logoarkki-300x169.jpg 300w, https:\/\/mainospalvelu.net\/wp-content\/uploads\/2020\/04\/logoarkki-768x431.jpg 768w, https:\/\/mainospalvelu.net\/wp-content\/uploads\/2020\/04\/logoarkki-150x84.jpg 150w\" sizes=\"auto, (max-width: 546px) 100vw, 546px\" \/><\/em><\/p>\n<p>&nbsp;<\/p>\n","protected":false},"excerpt":{"rendered":"<p>Logot, liikemerkit ja tunnukset &nbsp; Suunnittelemme yrityksellesi tai yhteis\u00f6llesi kaikki tarvitsemasi visuaaliset tunnukset. Hintaan sis\u00e4ltyy haluttaessa logon graafinen k\u00e4ytt\u00f6ohjeistus pdf-muodossa. Teemme juhla- ja tapahtumavinjettej\u00e4 my\u00f6s olemassa olevien logojen pohjalta ja piirr\u00e4mme puhtaaksi ja tuotamme s\u00e4hk\u00f6iseen muotoon vanhoja paperiaineistona olevia tunnuksia. Tarvitseeko&#8230;<\/p>\n<p> <a class=\"continue-reading-link\" href=\"https:\/\/mainospalvelu.net\/?page_id=6\"><span>Jatka lukemista<\/span><i class=\"crycon-right-dir\"><\/i><\/a> <\/p>\n","protected":false},"author":3,"featured_media":0,"parent":4,"menu_order":0,"comment_status":"closed","ping_status":"closed","template":"","meta":{"footnotes":""},"class_list":["post-6","page","type-page","status-publish","hentry"],"_links":{"self":[{"href":"https:\/\/mainospalvelu.net\/index.php?rest_route=\/wp\/v2\/pages\/6","targetHints":{"allow":["GET"]}}],"collection":[{"href":"https:\/\/mainospalvelu.net\/index.php?rest_route=\/wp\/v2\/pages"}],"about":[{"href":"https:\/\/mainospalvelu.net\/index.php?rest_route=\/wp\/v2\/types\/page"}],"author":[{"embeddable":true,"href":"https:\/\/mainospalvelu.net\/index.php?rest_route=\/wp\/v2\/users\/3"}],"replies":[{"embeddable":true,"href":"https:\/\/mainospalvelu.net\/index.php?rest_route=%2Fwp%2Fv2%2Fcomments&post=6"}],"version-history":[{"count":56,"href":"https:\/\/mainospalvelu.net\/index.php?rest_route=\/wp\/v2\/pages\/6\/revisions"}],"predecessor-version":[{"id":887,"href":"https:\/\/mainospalvelu.net\/index.php?rest_route=\/wp\/v2\/pages\/6\/revisions\/887"}],"up":[{"embeddable":true,"href":"https:\/\/mainospalvelu.net\/index.php?rest_route=\/wp\/v2\/pages\/4"}],"wp:attachment":[{"href":"https:\/\/mainospalvelu.net\/index.php?rest_route=%2Fwp%2Fv2%2Fmedia&parent=6"}],"curies":[{"name":"wp","href":"https:\/\/api.w.org\/{rel}","templated":true}]}}