{"id":4,"date":"2018-04-05T08:43:02","date_gmt":"2018-04-05T08:43:02","guid":{"rendered":"http:\/\/mainospalvelu.net\/?page_id=4"},"modified":"2021-03-05T20:19:05","modified_gmt":"2021-03-05T20:19:05","slug":"graafinen-suunnittelu","status":"publish","type":"page","link":"https:\/\/mainospalvelu.net\/?page_id=4","title":{"rendered":"Graafinen suunnittelu"},"content":{"rendered":"<h2>IDEASTA TUOTTEEKSI<\/h2>\n<p>&nbsp;<\/p>\n<h5><em>&#8221;Tarvitsetko kokonaan uuden ilmeen yrityksellesi vai riitt\u00e4\u00e4k\u00f6 p\u00e4ivitetty pikkuilmoitus? <\/em><em>Kumpikin onnistuu \u2013 ja paljon muuta silt\u00e4 v\u00e4lilt\u00e4. Luomme uutta, mutta osaamme my\u00f6s toimia jo olemassa olevien graafisten ohjeistojen ehdoilla.&#8221;<\/em><\/h5>\n<p>&nbsp;<\/p>\n<ul>\n<li><a href=\"http:\/\/mainospalvelu.net\/graafinen-suunnittelu\/logot-ja-tunnukset\/\">Logot ja tunnukset<\/a><\/li>\n<li><a href=\"http:\/\/mainospalvelu.net\/graafinen-suunnittelu\/julisteet-posterit-ja-banderollit\/\">Julisteet, posterit ja banderollit<\/a><\/li>\n<li><a href=\"http:\/\/mainospalvelu.net\/graafinen-suunnittelu\/messut-ja-nayttelyt\/\">Messu- ja n\u00e4yttelytaulut<\/a><\/li>\n<li><a href=\"http:\/\/mainospalvelu.net\/graafinen-suunnittelu\/etiketit-ja-pakkaukset\/\">Etiketit ja pakkaukset<\/a><\/li>\n<\/ul>\n<p>&nbsp;<\/p>\n","protected":false},"excerpt":{"rendered":"<p>IDEASTA TUOTTEEKSI &nbsp; &#8221;Tarvitsetko kokonaan uuden ilmeen yrityksellesi vai riitt\u00e4\u00e4k\u00f6 p\u00e4ivitetty pikkuilmoitus? Kumpikin onnistuu \u2013 ja paljon muuta silt\u00e4 v\u00e4lilt\u00e4. Luomme uutta, mutta osaamme my\u00f6s toimia jo olemassa olevien graafisten ohjeistojen ehdoilla.&#8221; &nbsp; Logot ja tunnukset Julisteet, posterit ja banderollit Messu-&#8230;<\/p>\n<p> <a class=\"continue-reading-link\" href=\"https:\/\/mainospalvelu.net\/?page_id=4\"><span>Jatka lukemista<\/span><i class=\"crycon-right-dir\"><\/i><\/a> <\/p>\n","protected":false},"author":3,"featured_media":0,"parent":0,"menu_order":0,"comment_status":"closed","ping_status":"closed","template":"","meta":{"footnotes":""},"class_list":["post-4","page","type-page","status-publish","hentry"],"_links":{"self":[{"href":"https:\/\/mainospalvelu.net\/index.php?rest_route=\/wp\/v2\/pages\/4","targetHints":{"allow":["GET"]}}],"collection":[{"href":"https:\/\/mainospalvelu.net\/index.php?rest_route=\/wp\/v2\/pages"}],"about":[{"href":"https:\/\/mainospalvelu.net\/index.php?rest_route=\/wp\/v2\/types\/page"}],"author":[{"embeddable":true,"href":"https:\/\/mainospalvelu.net\/index.php?rest_route=\/wp\/v2\/users\/3"}],"replies":[{"embeddable":true,"href":"https:\/\/mainospalvelu.net\/index.php?rest_route=%2Fwp%2Fv2%2Fcomments&post=4"}],"version-history":[{"count":17,"href":"https:\/\/mainospalvelu.net\/index.php?rest_route=\/wp\/v2\/pages\/4\/revisions"}],"predecessor-version":[{"id":799,"href":"https:\/\/mainospalvelu.net\/index.php?rest_route=\/wp\/v2\/pages\/4\/revisions\/799"}],"wp:attachment":[{"href":"https:\/\/mainospalvelu.net\/index.php?rest_route=%2Fwp%2Fv2%2Fmedia&parent=4"}],"curies":[{"name":"wp","href":"https:\/\/api.w.org\/{rel}","templated":true}]}}