{"id":198,"date":"2020-04-11T12:54:02","date_gmt":"2020-04-11T12:54:02","guid":{"rendered":"http:\/\/mainospalvelu.net\/?page_id=198"},"modified":"2024-08-01T09:19:53","modified_gmt":"2024-08-01T09:19:53","slug":"kirjat-ja-oppaat","status":"publish","type":"page","link":"https:\/\/mainospalvelu.net\/?page_id=198","title":{"rendered":"Kirjat ja oppaat"},"content":{"rendered":"<h4 style=\"text-align: center;\">Kirjat, oppaat ja tuoteluettelot<\/h4>\n<p>&nbsp;<\/p>\n<p style=\"text-align: center;\">Kirjojen ja erilaisten oppaiden visuaalisella suunnittelulla ja taitolla on Mainospalvelussa pitk\u00e4t perinteet. Osaamme ottaa jo suunnittelussa huomioon eri menetelmin nidottujen tai sidottujen kirjojen vaatimat tekniset eroavaisuudet. Annamme tarvittaessa apua my\u00f6s sopivan painopaikan l\u00f6yt\u00e4miseksi ja tarjouspyynn\u00f6n laatimisessa.<\/p>\n<p><img loading=\"lazy\" decoding=\"async\" class=\"aligncenter wp-image-911 size-full\" src=\"http:\/\/mainospalvelu.net\/wp-content\/uploads\/2024\/08\/saarikoski-1.jpg\" alt=\"\" width=\"1600\" height=\"789\" srcset=\"https:\/\/mainospalvelu.net\/wp-content\/uploads\/2024\/08\/saarikoski-1.jpg 1600w, https:\/\/mainospalvelu.net\/wp-content\/uploads\/2024\/08\/saarikoski-1-300x148.jpg 300w, https:\/\/mainospalvelu.net\/wp-content\/uploads\/2024\/08\/saarikoski-1-1024x505.jpg 1024w, https:\/\/mainospalvelu.net\/wp-content\/uploads\/2024\/08\/saarikoski-1-768x379.jpg 768w, https:\/\/mainospalvelu.net\/wp-content\/uploads\/2024\/08\/saarikoski-1-1536x757.jpg 1536w, https:\/\/mainospalvelu.net\/wp-content\/uploads\/2024\/08\/saarikoski-1-150x74.jpg 150w\" sizes=\"auto, (max-width: 1600px) 100vw, 1600px\" \/><\/p>\n<p style=\"text-align: center;\"><em>Seppo Saarikosken teoksia esittelev\u00e4 taidekirja. Taiteilijan omakustanne 2024.\u00a0<\/em><\/p>\n<p><img loading=\"lazy\" decoding=\"async\" class=\"aligncenter wp-image-846\" src=\"http:\/\/mainospalvelu.net\/wp-content\/uploads\/2023\/01\/MATKAOPAS_kansi-274x300.jpg\" alt=\"\" width=\"700\" height=\"766\" srcset=\"https:\/\/mainospalvelu.net\/wp-content\/uploads\/2023\/01\/MATKAOPAS_kansi-274x300.jpg 274w, https:\/\/mainospalvelu.net\/wp-content\/uploads\/2023\/01\/MATKAOPAS_kansi-935x1024.jpg 935w, https:\/\/mainospalvelu.net\/wp-content\/uploads\/2023\/01\/MATKAOPAS_kansi-768x841.jpg 768w, https:\/\/mainospalvelu.net\/wp-content\/uploads\/2023\/01\/MATKAOPAS_kansi-1403x1536.jpg 1403w, https:\/\/mainospalvelu.net\/wp-content\/uploads\/2023\/01\/MATKAOPAS_kansi-1870x2048.jpg 1870w, https:\/\/mainospalvelu.net\/wp-content\/uploads\/2023\/01\/MATKAOPAS_kansi-137x150.jpg 137w\" sizes=\"auto, (max-width: 700px) 100vw, 700px\" \/><\/p>\n<p style=\"text-align: center;\"><em>Metropolia Ammattikorkeakoulu 2023. Toivo@Tee-hanke.<\/em><\/p>\n<p><img loading=\"lazy\" decoding=\"async\" class=\"aligncenter wp-image-922 size-full\" src=\"http:\/\/mainospalvelu.net\/wp-content\/uploads\/2024\/08\/espoo.jpg\" alt=\"\" width=\"1900\" height=\"306\" srcset=\"https:\/\/mainospalvelu.net\/wp-content\/uploads\/2024\/08\/espoo.jpg 1900w, https:\/\/mainospalvelu.net\/wp-content\/uploads\/2024\/08\/espoo-300x48.jpg 300w, https:\/\/mainospalvelu.net\/wp-content\/uploads\/2024\/08\/espoo-1024x165.jpg 1024w, https:\/\/mainospalvelu.net\/wp-content\/uploads\/2024\/08\/espoo-768x124.jpg 768w, https:\/\/mainospalvelu.net\/wp-content\/uploads\/2024\/08\/espoo-1536x247.jpg 1536w, https:\/\/mainospalvelu.net\/wp-content\/uploads\/2024\/08\/espoo-150x24.jpg 150w\" sizes=\"auto, (max-width: 1900px) 100vw, 1900px\" \/><\/p>\n<p style=\"text-align: center;\"><em>Espoon kunnallisrakennusmestarit ja insin\u00f6\u00f6rit ry:n julkaisemia oppaita 2008\u20132024<\/em><\/p>\n<p><img loading=\"lazy\" decoding=\"async\" class=\"wp-image-872 aligncenter\" src=\"http:\/\/mainospalvelu.net\/wp-content\/uploads\/2023\/06\/metropolia2-300x134.jpg\" alt=\"\" width=\"700\" height=\"312\" srcset=\"https:\/\/mainospalvelu.net\/wp-content\/uploads\/2023\/06\/metropolia2-300x134.jpg 300w, https:\/\/mainospalvelu.net\/wp-content\/uploads\/2023\/06\/metropolia2-768x343.jpg 768w, https:\/\/mainospalvelu.net\/wp-content\/uploads\/2023\/06\/metropolia2-150x67.jpg 150w, https:\/\/mainospalvelu.net\/wp-content\/uploads\/2023\/06\/metropolia2.jpg 1000w\" sizes=\"auto, (max-width: 700px) 100vw, 700px\" \/><\/p>\n<p><img loading=\"lazy\" decoding=\"async\" class=\"aligncenter wp-image-859\" src=\"http:\/\/mainospalvelu.net\/wp-content\/uploads\/2023\/01\/metropoliaa-300x127.jpg\" alt=\"\" width=\"700\" height=\"296\" srcset=\"https:\/\/mainospalvelu.net\/wp-content\/uploads\/2023\/01\/metropoliaa-300x127.jpg 300w, https:\/\/mainospalvelu.net\/wp-content\/uploads\/2023\/01\/metropoliaa-1024x434.jpg 1024w, https:\/\/mainospalvelu.net\/wp-content\/uploads\/2023\/01\/metropoliaa-768x325.jpg 768w, https:\/\/mainospalvelu.net\/wp-content\/uploads\/2023\/01\/metropoliaa-1536x650.jpg 1536w, https:\/\/mainospalvelu.net\/wp-content\/uploads\/2023\/01\/metropoliaa-2048x867.jpg 2048w, https:\/\/mainospalvelu.net\/wp-content\/uploads\/2023\/01\/metropoliaa-150x64.jpg 150w\" sizes=\"auto, (max-width: 700px) 100vw, 700px\" \/><\/p>\n<p style=\"text-align: center;\"><em>Metropolia Ammattikorkeakoulun kirjoja 2018\u20132023<\/em><\/p>\n<p style=\"text-align: center;\"><img loading=\"lazy\" decoding=\"async\" class=\"aligncenter wp-image-441\" src=\"http:\/\/mainospalvelu.net\/wp-content\/uploads\/2020\/04\/HK_BUDJ_2019_ERILLIS_ENKKU-300x300.jpg\" alt=\"\" width=\"700\" height=\"700\" srcset=\"https:\/\/mainospalvelu.net\/wp-content\/uploads\/2020\/04\/HK_BUDJ_2019_ERILLIS_ENKKU-300x300.jpg 300w, https:\/\/mainospalvelu.net\/wp-content\/uploads\/2020\/04\/HK_BUDJ_2019_ERILLIS_ENKKU-1024x1024.jpg 1024w, https:\/\/mainospalvelu.net\/wp-content\/uploads\/2020\/04\/HK_BUDJ_2019_ERILLIS_ENKKU-150x150.jpg 150w, https:\/\/mainospalvelu.net\/wp-content\/uploads\/2020\/04\/HK_BUDJ_2019_ERILLIS_ENKKU-768x768.jpg 768w, https:\/\/mainospalvelu.net\/wp-content\/uploads\/2020\/04\/HK_BUDJ_2019_ERILLIS_ENKKU-1536x1536.jpg 1536w, https:\/\/mainospalvelu.net\/wp-content\/uploads\/2020\/04\/HK_BUDJ_2019_ERILLIS_ENKKU.jpg 1600w\" sizes=\"auto, (max-width: 700px) 100vw, 700px\" \/><img loading=\"lazy\" decoding=\"async\" class=\"aligncenter wp-image-440\" src=\"http:\/\/mainospalvelu.net\/wp-content\/uploads\/2020\/04\/hb-300x76.jpg\" alt=\"\" width=\"700\" height=\"177\" srcset=\"https:\/\/mainospalvelu.net\/wp-content\/uploads\/2020\/04\/hb-300x76.jpg 300w, https:\/\/mainospalvelu.net\/wp-content\/uploads\/2020\/04\/hb-150x38.jpg 150w, https:\/\/mainospalvelu.net\/wp-content\/uploads\/2020\/04\/hb.jpg 608w\" sizes=\"auto, (max-width: 700px) 100vw, 700px\" \/><em>Sirkka Rousu: Henkil\u00f6kohtainen budjetointi (suomi ja englanti),<br \/>\nMetropolia Ammattikorkeakoulu 2019<\/em><\/p>\n<p><img loading=\"lazy\" decoding=\"async\" class=\"aligncenter wp-image-409 size-large\" src=\"http:\/\/mainospalvelu.net\/wp-content\/uploads\/2020\/04\/grt-1024x736.jpg\" alt=\"\" width=\"860\" height=\"618\" srcset=\"https:\/\/mainospalvelu.net\/wp-content\/uploads\/2020\/04\/grt-1024x736.jpg 1024w, https:\/\/mainospalvelu.net\/wp-content\/uploads\/2020\/04\/grt-300x216.jpg 300w, https:\/\/mainospalvelu.net\/wp-content\/uploads\/2020\/04\/grt-768x552.jpg 768w, https:\/\/mainospalvelu.net\/wp-content\/uploads\/2020\/04\/grt-150x108.jpg 150w, https:\/\/mainospalvelu.net\/wp-content\/uploads\/2020\/04\/grt.jpg 1272w\" sizes=\"auto, (max-width: 860px) 100vw, 860px\" \/><\/p>\n<p><img loading=\"lazy\" decoding=\"async\" class=\"aligncenter wp-image-412\" src=\"http:\/\/mainospalvelu.net\/wp-content\/uploads\/2020\/04\/tk-300x71.jpg\" alt=\"\" width=\"700\" height=\"165\" srcset=\"https:\/\/mainospalvelu.net\/wp-content\/uploads\/2020\/04\/tk-300x71.jpg 300w, https:\/\/mainospalvelu.net\/wp-content\/uploads\/2020\/04\/tk-768x181.jpg 768w, https:\/\/mainospalvelu.net\/wp-content\/uploads\/2020\/04\/tk-150x35.jpg 150w, https:\/\/mainospalvelu.net\/wp-content\/uploads\/2020\/04\/tk.jpg 850w\" sizes=\"auto, (max-width: 700px) 100vw, 700px\" \/><\/p>\n<p style=\"text-align: center;\"><em>Taija Puranen: Voimaa ruuasta. Gerontologinen ravitsemus Gery 2017<\/em><\/p>\n<p style=\"text-align: center;\"><img loading=\"lazy\" decoding=\"async\" class=\"alignnone wp-image-832\" src=\"http:\/\/mainospalvelu.net\/wp-content\/uploads\/2023\/01\/ikis-esitteita-639x1024.jpg\" alt=\"\" width=\"700\" height=\"1121\" srcset=\"https:\/\/mainospalvelu.net\/wp-content\/uploads\/2023\/01\/ikis-esitteita-639x1024.jpg 639w, https:\/\/mainospalvelu.net\/wp-content\/uploads\/2023\/01\/ikis-esitteita-187x300.jpg 187w, https:\/\/mainospalvelu.net\/wp-content\/uploads\/2023\/01\/ikis-esitteita-768x1230.jpg 768w, https:\/\/mainospalvelu.net\/wp-content\/uploads\/2023\/01\/ikis-esitteita-959x1536.jpg 959w, https:\/\/mainospalvelu.net\/wp-content\/uploads\/2023\/01\/ikis-esitteita-94x150.jpg 94w, https:\/\/mainospalvelu.net\/wp-content\/uploads\/2023\/01\/ikis-esitteita.jpg 1000w\" sizes=\"auto, (max-width: 700px) 100vw, 700px\" \/><\/p>\n<p style=\"text-align: center;\"><em>Ik\u00e4instituutin julkaisusarjan oppaita, tutkimusraportteja ja kirjasia vuosilta 2013\u20132022<\/em><\/p>\n<p><img loading=\"lazy\" decoding=\"async\" class=\"wp-image-427 aligncenter\" src=\"http:\/\/mainospalvelu.net\/wp-content\/uploads\/2020\/04\/opint.jpg\" alt=\"\" width=\"700\" height=\"495\" srcset=\"https:\/\/mainospalvelu.net\/wp-content\/uploads\/2020\/04\/opint.jpg 622w, https:\/\/mainospalvelu.net\/wp-content\/uploads\/2020\/04\/opint-300x212.jpg 300w, https:\/\/mainospalvelu.net\/wp-content\/uploads\/2020\/04\/opint-150x106.jpg 150w\" sizes=\"auto, (max-width: 700px) 100vw, 700px\" \/><\/p>\n<p><img loading=\"lazy\" decoding=\"async\" class=\"aligncenter wp-image-431\" src=\"http:\/\/mainospalvelu.net\/wp-content\/uploads\/2020\/04\/Untitled-1.jpg\" alt=\"\" width=\"700\" height=\"243\" srcset=\"https:\/\/mainospalvelu.net\/wp-content\/uploads\/2020\/04\/Untitled-1.jpg 585w, https:\/\/mainospalvelu.net\/wp-content\/uploads\/2020\/04\/Untitled-1-300x104.jpg 300w, https:\/\/mainospalvelu.net\/wp-content\/uploads\/2020\/04\/Untitled-1-150x52.jpg 150w\" sizes=\"auto, (max-width: 700px) 100vw, 700px\" \/><\/p>\n<p style=\"text-align: center;\"><em>Voimaa vanhuuteen \u2013 I\u00e4kk\u00e4iden terveysliikuntaohjelma, Ik\u00e4instituutti 2014<br \/>\n<\/em><em><br \/>\n<\/em><\/p>\n<p><img loading=\"lazy\" decoding=\"async\" class=\"aligncenter wp-image-434\" src=\"http:\/\/mainospalvelu.net\/wp-content\/uploads\/2020\/04\/kirjapohja1-300x100.jpg\" alt=\"\" width=\"700\" height=\"234\" srcset=\"https:\/\/mainospalvelu.net\/wp-content\/uploads\/2020\/04\/kirjapohja1-300x100.jpg 300w, https:\/\/mainospalvelu.net\/wp-content\/uploads\/2020\/04\/kirjapohja1-768x256.jpg 768w, https:\/\/mainospalvelu.net\/wp-content\/uploads\/2020\/04\/kirjapohja1-150x50.jpg 150w, https:\/\/mainospalvelu.net\/wp-content\/uploads\/2020\/04\/kirjapohja1.jpg 848w\" sizes=\"auto, (max-width: 700px) 100vw, 700px\" \/><\/p>\n<p style=\"text-align: center;\"><em>Kirjataittoja vuosilta 2010\u20132012<\/em><\/p>\n<p><img loading=\"lazy\" decoding=\"async\" class=\"aligncenter wp-image-419\" src=\"http:\/\/mainospalvelu.net\/wp-content\/uploads\/2020\/04\/etukansi_netti-300x300.jpg\" alt=\"\" width=\"480\" height=\"480\" srcset=\"https:\/\/mainospalvelu.net\/wp-content\/uploads\/2020\/04\/etukansi_netti-300x300.jpg 300w, https:\/\/mainospalvelu.net\/wp-content\/uploads\/2020\/04\/etukansi_netti-150x150.jpg 150w, https:\/\/mainospalvelu.net\/wp-content\/uploads\/2020\/04\/etukansi_netti-768x768.jpg 768w, https:\/\/mainospalvelu.net\/wp-content\/uploads\/2020\/04\/etukansi_netti.jpg 1000w\" sizes=\"auto, (max-width: 480px) 100vw, 480px\" \/><\/p>\n<p style=\"text-align: center;\"><em>Satu Jyv\u00e4korpi: Sy\u00f6 muistaaksesi. Suomen Muistiasiantuntijat 2013<\/em><\/p>\n<p>&nbsp;<\/p>\n<p style=\"text-align: center;\"><img loading=\"lazy\" decoding=\"async\" class=\"aligncenter wp-image-770 size-full\" src=\"http:\/\/mainospalvelu.net\/wp-content\/uploads\/2020\/06\/innovaatio.jpg\" alt=\"\" width=\"480\" height=\"324\" srcset=\"https:\/\/mainospalvelu.net\/wp-content\/uploads\/2020\/06\/innovaatio.jpg 480w, https:\/\/mainospalvelu.net\/wp-content\/uploads\/2020\/06\/innovaatio-300x203.jpg 300w, https:\/\/mainospalvelu.net\/wp-content\/uploads\/2020\/06\/innovaatio-150x101.jpg 150w\" sizes=\"auto, (max-width: 480px) 100vw, 480px\" \/><em>Taitto ja kansikuvat<br \/>\nMarjasinikka V\u00e4\u00e4n\u00e4nen: Innovaatiokupla \u2013 menetettyjen keksint\u00f6jen maa<br \/>\nSammon Takojat 2011<\/em><\/p>\n<p>&nbsp;<\/p>\n<p style=\"text-align: center;\"><em><img loading=\"lazy\" decoding=\"async\" class=\"aligncenter wp-image-436\" src=\"http:\/\/mainospalvelu.net\/wp-content\/uploads\/2020\/04\/paperikirjataitto-280x300.jpg\" alt=\"\" width=\"480\" height=\"514\" srcset=\"https:\/\/mainospalvelu.net\/wp-content\/uploads\/2020\/04\/paperikirjataitto-280x300.jpg 280w, https:\/\/mainospalvelu.net\/wp-content\/uploads\/2020\/04\/paperikirjataitto-956x1024.jpg 956w, https:\/\/mainospalvelu.net\/wp-content\/uploads\/2020\/04\/paperikirjataitto-768x823.jpg 768w, https:\/\/mainospalvelu.net\/wp-content\/uploads\/2020\/04\/paperikirjataitto-1434x1536.jpg 1434w, https:\/\/mainospalvelu.net\/wp-content\/uploads\/2020\/04\/paperikirjataitto-1912x2048.jpg 1912w, https:\/\/mainospalvelu.net\/wp-content\/uploads\/2020\/04\/paperikirjataitto-140x150.jpg 140w\" sizes=\"auto, (max-width: 480px) 100vw, 480px\" \/>Hakanen, H\u00e4kli, Manninen ja Niinikoski:<br \/>\nPelkk\u00e4\u00e4 paperia, Suomen k\u00e4sity\u00f6n museo 2010<\/em><\/p>\n","protected":false},"excerpt":{"rendered":"<p>Kirjat, oppaat ja tuoteluettelot &nbsp; Kirjojen ja erilaisten oppaiden visuaalisella suunnittelulla ja taitolla on Mainospalvelussa pitk\u00e4t perinteet. Osaamme ottaa jo suunnittelussa huomioon eri menetelmin nidottujen tai sidottujen kirjojen vaatimat tekniset eroavaisuudet. Annamme tarvittaessa apua my\u00f6s sopivan painopaikan l\u00f6yt\u00e4miseksi ja tarjouspyynn\u00f6n laatimisessa&#8230;.<\/p>\n<p> <a class=\"continue-reading-link\" href=\"https:\/\/mainospalvelu.net\/?page_id=198\"><span>Jatka lukemista<\/span><i class=\"crycon-right-dir\"><\/i><\/a> <\/p>\n","protected":false},"author":3,"featured_media":0,"parent":137,"menu_order":0,"comment_status":"closed","ping_status":"closed","template":"","meta":{"footnotes":""},"class_list":["post-198","page","type-page","status-publish","hentry"],"_links":{"self":[{"href":"https:\/\/mainospalvelu.net\/index.php?rest_route=\/wp\/v2\/pages\/198","targetHints":{"allow":["GET"]}}],"collection":[{"href":"https:\/\/mainospalvelu.net\/index.php?rest_route=\/wp\/v2\/pages"}],"about":[{"href":"https:\/\/mainospalvelu.net\/index.php?rest_route=\/wp\/v2\/types\/page"}],"author":[{"embeddable":true,"href":"https:\/\/mainospalvelu.net\/index.php?rest_route=\/wp\/v2\/users\/3"}],"replies":[{"embeddable":true,"href":"https:\/\/mainospalvelu.net\/index.php?rest_route=%2Fwp%2Fv2%2Fcomments&post=198"}],"version-history":[{"count":45,"href":"https:\/\/mainospalvelu.net\/index.php?rest_route=\/wp\/v2\/pages\/198\/revisions"}],"predecessor-version":[{"id":923,"href":"https:\/\/mainospalvelu.net\/index.php?rest_route=\/wp\/v2\/pages\/198\/revisions\/923"}],"up":[{"embeddable":true,"href":"https:\/\/mainospalvelu.net\/index.php?rest_route=\/wp\/v2\/pages\/137"}],"wp:attachment":[{"href":"https:\/\/mainospalvelu.net\/index.php?rest_route=%2Fwp%2Fv2%2Fmedia&parent=198"}],"curies":[{"name":"wp","href":"https:\/\/api.w.org\/{rel}","templated":true}]}}