{"id":160,"date":"2020-04-09T20:42:55","date_gmt":"2020-04-09T20:42:55","guid":{"rendered":"http:\/\/mainospalvelu.net\/?page_id=160"},"modified":"2021-03-04T11:14:14","modified_gmt":"2021-03-04T11:14:14","slug":"valokuvat","status":"publish","type":"page","link":"https:\/\/mainospalvelu.net\/?page_id=160","title":{"rendered":"Valokuvat"},"content":{"rendered":"<h4 style=\"text-align: center;\">Yksi kuva kertoo enemm\u00e4n kuin tuhat sanaa?<\/h4>\n<p>&nbsp;<\/p>\n<p><img loading=\"lazy\" decoding=\"async\" class=\"aligncenter wp-image-791\" src=\"http:\/\/mainospalvelu.net\/wp-content\/uploads\/2021\/03\/kortit_1-300x223.jpg\" alt=\"\" width=\"800\" height=\"594\" srcset=\"https:\/\/mainospalvelu.net\/wp-content\/uploads\/2021\/03\/kortit_1-300x223.jpg 300w, https:\/\/mainospalvelu.net\/wp-content\/uploads\/2021\/03\/kortit_1-1024x760.jpg 1024w, https:\/\/mainospalvelu.net\/wp-content\/uploads\/2021\/03\/kortit_1-768x570.jpg 768w, https:\/\/mainospalvelu.net\/wp-content\/uploads\/2021\/03\/kortit_1-150x111.jpg 150w, https:\/\/mainospalvelu.net\/wp-content\/uploads\/2021\/03\/kortit_1.jpg 1500w\" sizes=\"auto, (max-width: 800px) 100vw, 800px\" \/><\/p>\n<p style=\"text-align: center;\"><em>Postikorttikuvitusta Kuurojen liitolle. <\/em><br \/>\n<em>Valokuvat ja kuvank\u00e4sittely Krista ja Teuvo J\u00e4nn\u00e4ri<\/em><\/p>\n<p style=\"text-align: center;\">Kamera on mainonnantekij\u00e4n ty\u00f6kalu ja se on jatkuvassa k\u00e4yt\u00f6ss\u00e4.<br \/>\nMainospalvelun kuvapankkikuvista ei taittot\u00f6iden yhteydess\u00e4 veloiteta.<br \/>\nKuvausk\u00e4ynnit sovitaan erikseen.<\/p>\n<p><img loading=\"lazy\" decoding=\"async\" class=\"aligncenter wp-image-735\" src=\"http:\/\/mainospalvelu.net\/wp-content\/uploads\/2020\/04\/korukoonti-1-192x300.jpg\" alt=\"\" width=\"800\" height=\"1247\" srcset=\"https:\/\/mainospalvelu.net\/wp-content\/uploads\/2020\/04\/korukoonti-1-192x300.jpg 192w, https:\/\/mainospalvelu.net\/wp-content\/uploads\/2020\/04\/korukoonti-1-657x1024.jpg 657w, https:\/\/mainospalvelu.net\/wp-content\/uploads\/2020\/04\/korukoonti-1-768x1197.jpg 768w, https:\/\/mainospalvelu.net\/wp-content\/uploads\/2020\/04\/korukoonti-1-985x1536.jpg 985w, https:\/\/mainospalvelu.net\/wp-content\/uploads\/2020\/04\/korukoonti-1-1314x2048.jpg 1314w, https:\/\/mainospalvelu.net\/wp-content\/uploads\/2020\/04\/korukoonti-1-96x150.jpg 96w, https:\/\/mainospalvelu.net\/wp-content\/uploads\/2020\/04\/korukoonti-1.jpg 1600w\" sizes=\"auto, (max-width: 800px) 100vw, 800px\" \/><\/p>\n<p style=\"text-align: center;\"><em>Valokuvat ja korut: Krista J\u00e4nn\u00e4ri<\/em><\/p>\n<p style=\"text-align: center;\">Jotta viesti\u00e4 ei tarvitse v\u00e4\u00e4nt\u00e4\u00e4 rautalangasta, on valokuva joskus tarpeen. Kun graafikolla on luppoaikaa, niin t\u00e4\u00e4ll\u00e4 v\u00e4\u00e4nnet\u00e4\u00e4n langasta. Sanan varsinaisessa merkityksess\u00e4.<\/p>\n","protected":false},"excerpt":{"rendered":"<p>Yksi kuva kertoo enemm\u00e4n kuin tuhat sanaa? &nbsp; Postikorttikuvitusta Kuurojen liitolle. Valokuvat ja kuvank\u00e4sittely Krista ja Teuvo J\u00e4nn\u00e4ri Kamera on mainonnantekij\u00e4n ty\u00f6kalu ja se on jatkuvassa k\u00e4yt\u00f6ss\u00e4. Mainospalvelun kuvapankkikuvista ei taittot\u00f6iden yhteydess\u00e4 veloiteta. Kuvausk\u00e4ynnit sovitaan erikseen. Valokuvat ja korut: Krista J\u00e4nn\u00e4ri&#8230;<\/p>\n<p> <a class=\"continue-reading-link\" href=\"https:\/\/mainospalvelu.net\/?page_id=160\"><span>Jatka lukemista<\/span><i class=\"crycon-right-dir\"><\/i><\/a> <\/p>\n","protected":false},"author":3,"featured_media":0,"parent":154,"menu_order":0,"comment_status":"closed","ping_status":"closed","template":"","meta":{"footnotes":""},"class_list":["post-160","page","type-page","status-publish","hentry"],"_links":{"self":[{"href":"https:\/\/mainospalvelu.net\/index.php?rest_route=\/wp\/v2\/pages\/160","targetHints":{"allow":["GET"]}}],"collection":[{"href":"https:\/\/mainospalvelu.net\/index.php?rest_route=\/wp\/v2\/pages"}],"about":[{"href":"https:\/\/mainospalvelu.net\/index.php?rest_route=\/wp\/v2\/types\/page"}],"author":[{"embeddable":true,"href":"https:\/\/mainospalvelu.net\/index.php?rest_route=\/wp\/v2\/users\/3"}],"replies":[{"embeddable":true,"href":"https:\/\/mainospalvelu.net\/index.php?rest_route=%2Fwp%2Fv2%2Fcomments&post=160"}],"version-history":[{"count":10,"href":"https:\/\/mainospalvelu.net\/index.php?rest_route=\/wp\/v2\/pages\/160\/revisions"}],"predecessor-version":[{"id":794,"href":"https:\/\/mainospalvelu.net\/index.php?rest_route=\/wp\/v2\/pages\/160\/revisions\/794"}],"up":[{"embeddable":true,"href":"https:\/\/mainospalvelu.net\/index.php?rest_route=\/wp\/v2\/pages\/154"}],"wp:attachment":[{"href":"https:\/\/mainospalvelu.net\/index.php?rest_route=%2Fwp%2Fv2%2Fmedia&parent=160"}],"curies":[{"name":"wp","href":"https:\/\/api.w.org\/{rel}","templated":true}]}}