{"id":158,"date":"2020-04-09T20:42:31","date_gmt":"2020-04-09T20:42:31","guid":{"rendered":"http:\/\/mainospalvelu.net\/?page_id=158"},"modified":"2020-04-13T19:00:44","modified_gmt":"2020-04-13T19:00:44","slug":"graafit","status":"publish","type":"page","link":"https:\/\/mainospalvelu.net\/?page_id=158","title":{"rendered":"Graafit"},"content":{"rendered":"<h4 style=\"text-align: center;\">Kakkuja ja k\u00e4ppyr\u00f6it\u00e4<\/h4>\n<p>&nbsp;<\/p>\n<p style=\"text-align: center;\">Huolella mietitty taulukko tai graafi el\u00e4v\u00f6itt\u00e4\u00e4 teksti\u00e4.<\/p>\n<p><img loading=\"lazy\" decoding=\"async\" class=\"aligncenter wp-image-495\" src=\"http:\/\/mainospalvelu.net\/wp-content\/uploads\/2020\/04\/88-kuva-300x148.jpg\" alt=\"\" width=\"800\" height=\"395\" srcset=\"https:\/\/mainospalvelu.net\/wp-content\/uploads\/2020\/04\/88-kuva-300x148.jpg 300w, https:\/\/mainospalvelu.net\/wp-content\/uploads\/2020\/04\/88-kuva-768x379.jpg 768w, https:\/\/mainospalvelu.net\/wp-content\/uploads\/2020\/04\/88-kuva-150x74.jpg 150w, https:\/\/mainospalvelu.net\/wp-content\/uploads\/2020\/04\/88-kuva.jpg 808w\" sizes=\"auto, (max-width: 800px) 100vw, 800px\" \/><\/p>\n<p style=\"text-align: center;\"><em>Kaavioita <\/em><em>Henkil\u00f6kohtainen budjetointi -oppaaseen, Metropolia 2019<\/em><\/p>\n<p>&nbsp;<\/p>\n<p><img loading=\"lazy\" decoding=\"async\" class=\"aligncenter wp-image-499\" src=\"http:\/\/mainospalvelu.net\/wp-content\/uploads\/2020\/04\/kuvio2-300x293.jpg\" alt=\"\" width=\"400\" height=\"391\" srcset=\"https:\/\/mainospalvelu.net\/wp-content\/uploads\/2020\/04\/kuvio2-300x293.jpg 300w, https:\/\/mainospalvelu.net\/wp-content\/uploads\/2020\/04\/kuvio2-1024x1000.jpg 1024w, https:\/\/mainospalvelu.net\/wp-content\/uploads\/2020\/04\/kuvio2-768x750.jpg 768w, https:\/\/mainospalvelu.net\/wp-content\/uploads\/2020\/04\/kuvio2-1536x1500.jpg 1536w, https:\/\/mainospalvelu.net\/wp-content\/uploads\/2020\/04\/kuvio2-150x146.jpg 150w, https:\/\/mainospalvelu.net\/wp-content\/uploads\/2020\/04\/kuvio2.jpg 1600w\" sizes=\"auto, (max-width: 400px) 100vw, 400px\" \/><\/p>\n<p style=\"text-align: center;\"><em>Odottamattomia aarteita -kirja, Metropolia 2018<\/em><\/p>\n<p>&nbsp;<\/p>\n<p><img loading=\"lazy\" decoding=\"async\" class=\"aligncenter wp-image-512\" src=\"http:\/\/mainospalvelu.net\/wp-content\/uploads\/2020\/04\/Hyvan-saattohoidon-ML_PAINORESO-300x71.jpg\" alt=\"\" width=\"800\" height=\"189\" srcset=\"https:\/\/mainospalvelu.net\/wp-content\/uploads\/2020\/04\/Hyvan-saattohoidon-ML_PAINORESO-300x71.jpg 300w, https:\/\/mainospalvelu.net\/wp-content\/uploads\/2020\/04\/Hyvan-saattohoidon-ML_PAINORESO-768x182.jpg 768w, https:\/\/mainospalvelu.net\/wp-content\/uploads\/2020\/04\/Hyvan-saattohoidon-ML_PAINORESO-150x35.jpg 150w, https:\/\/mainospalvelu.net\/wp-content\/uploads\/2020\/04\/Hyvan-saattohoidon-ML_PAINORESO.jpg 905w\" sizes=\"auto, (max-width: 800px) 100vw, 800px\" \/><\/p>\n<p style=\"text-align: center;\"><em>Vanhusty\u00f6n keskusliiton kirjataittoihin tehtyj\u00e4 kaavioita<\/em><\/p>\n<p><img loading=\"lazy\" decoding=\"async\" class=\"aligncenter wp-image-534\" src=\"http:\/\/mainospalvelu.net\/wp-content\/uploads\/2020\/04\/ikains-300x73.jpg\" alt=\"\" width=\"800\" height=\"195\" srcset=\"https:\/\/mainospalvelu.net\/wp-content\/uploads\/2020\/04\/ikains-300x73.jpg 300w, https:\/\/mainospalvelu.net\/wp-content\/uploads\/2020\/04\/ikains-1024x249.jpg 1024w, https:\/\/mainospalvelu.net\/wp-content\/uploads\/2020\/04\/ikains-768x187.jpg 768w, https:\/\/mainospalvelu.net\/wp-content\/uploads\/2020\/04\/ikains-150x36.jpg 150w, https:\/\/mainospalvelu.net\/wp-content\/uploads\/2020\/04\/ikains.jpg 1143w\" sizes=\"auto, (max-width: 800px) 100vw, 800px\" \/><\/p>\n<p style=\"text-align: center;\"><em>Ik\u00e4instituutin esitteisiin tehtyj\u00e4a kaavioita<\/em><\/p>\n<p style=\"text-align: center;\"><em><img loading=\"lazy\" decoding=\"async\" class=\"aligncenter wp-image-532\" src=\"http:\/\/mainospalvelu.net\/wp-content\/uploads\/2020\/04\/Untitled-1-2-300x96.jpg\" alt=\"\" width=\"800\" height=\"256\" srcset=\"https:\/\/mainospalvelu.net\/wp-content\/uploads\/2020\/04\/Untitled-1-2-300x96.jpg 300w, https:\/\/mainospalvelu.net\/wp-content\/uploads\/2020\/04\/Untitled-1-2-768x246.jpg 768w, https:\/\/mainospalvelu.net\/wp-content\/uploads\/2020\/04\/Untitled-1-2-150x48.jpg 150w, https:\/\/mainospalvelu.net\/wp-content\/uploads\/2020\/04\/Untitled-1-2.jpg 950w\" sizes=\"auto, (max-width: 800px) 100vw, 800px\" \/>Kurssitarjonnan visualisointia Ik\u00e4instituutin koulutusoppaisiin<\/em><\/p>\n<p style=\"text-align: center;\">\n","protected":false},"excerpt":{"rendered":"<p>Kakkuja ja k\u00e4ppyr\u00f6it\u00e4 &nbsp; Huolella mietitty taulukko tai graafi el\u00e4v\u00f6itt\u00e4\u00e4 teksti\u00e4. Kaavioita Henkil\u00f6kohtainen budjetointi -oppaaseen, Metropolia 2019 &nbsp; Odottamattomia aarteita -kirja, Metropolia 2018 &nbsp; Vanhusty\u00f6n keskusliiton kirjataittoihin tehtyj\u00e4 kaavioita Ik\u00e4instituutin esitteisiin tehtyj\u00e4a kaavioita Kurssitarjonnan visualisointia Ik\u00e4instituutin koulutusoppaisiin<\/p>\n<p> <a class=\"continue-reading-link\" href=\"https:\/\/mainospalvelu.net\/?page_id=158\"><span>Jatka lukemista<\/span><i class=\"crycon-right-dir\"><\/i><\/a> <\/p>\n","protected":false},"author":3,"featured_media":0,"parent":154,"menu_order":0,"comment_status":"closed","ping_status":"closed","template":"","meta":{"footnotes":""},"class_list":["post-158","page","type-page","status-publish","hentry"],"_links":{"self":[{"href":"https:\/\/mainospalvelu.net\/index.php?rest_route=\/wp\/v2\/pages\/158","targetHints":{"allow":["GET"]}}],"collection":[{"href":"https:\/\/mainospalvelu.net\/index.php?rest_route=\/wp\/v2\/pages"}],"about":[{"href":"https:\/\/mainospalvelu.net\/index.php?rest_route=\/wp\/v2\/types\/page"}],"author":[{"embeddable":true,"href":"https:\/\/mainospalvelu.net\/index.php?rest_route=\/wp\/v2\/users\/3"}],"replies":[{"embeddable":true,"href":"https:\/\/mainospalvelu.net\/index.php?rest_route=%2Fwp%2Fv2%2Fcomments&post=158"}],"version-history":[{"count":24,"href":"https:\/\/mainospalvelu.net\/index.php?rest_route=\/wp\/v2\/pages\/158\/revisions"}],"predecessor-version":[{"id":680,"href":"https:\/\/mainospalvelu.net\/index.php?rest_route=\/wp\/v2\/pages\/158\/revisions\/680"}],"up":[{"embeddable":true,"href":"https:\/\/mainospalvelu.net\/index.php?rest_route=\/wp\/v2\/pages\/154"}],"wp:attachment":[{"href":"https:\/\/mainospalvelu.net\/index.php?rest_route=%2Fwp%2Fv2%2Fmedia&parent=158"}],"curies":[{"name":"wp","href":"https:\/\/api.w.org\/{rel}","templated":true}]}}