{"id":156,"date":"2020-04-09T20:42:09","date_gmt":"2020-04-09T20:42:09","guid":{"rendered":"http:\/\/mainospalvelu.net\/?page_id=156"},"modified":"2025-01-24T12:50:29","modified_gmt":"2025-01-24T12:50:29","slug":"piirrokset","status":"publish","type":"page","link":"https:\/\/mainospalvelu.net\/?page_id=156","title":{"rendered":"Piirrokset"},"content":{"rendered":"<h4 style=\"text-align: center;\">Piirt\u00e4m\u00e4ll\u00e4 luodaan kuvia, joissa vain mielikuvitus on rajana<\/h4>\n<p>&nbsp;<\/p>\n<p style=\"text-align: center;\">K\u00e4yt\u00f6ss\u00e4si on useampia kuvittajia, joista jokaisella on oma taiteellinen k\u00e4denj\u00e4lkens\u00e4. Kuvitamme joko perinteiseen tapaan k\u00e4sin tai tietokoneella, toimeksiannosta ja tyylitoiveesta riippuen.<\/p>\n<p><img loading=\"lazy\" decoding=\"async\" class=\"aligncenter wp-image-817 size-full\" src=\"http:\/\/mainospalvelu.net\/wp-content\/uploads\/2022\/01\/tyonayte.jpg\" alt=\"\" width=\"600\" height=\"372\" srcset=\"https:\/\/mainospalvelu.net\/wp-content\/uploads\/2022\/01\/tyonayte.jpg 600w, https:\/\/mainospalvelu.net\/wp-content\/uploads\/2022\/01\/tyonayte-300x186.jpg 300w, https:\/\/mainospalvelu.net\/wp-content\/uploads\/2022\/01\/tyonayte-150x93.jpg 150w\" sizes=\"auto, (max-width: 600px) 100vw, 600px\" \/><\/p>\n<p style=\"text-align: center;\"><em>Kuvitusta Suomen Kansainv\u00e4liselle Senioritanssiliitolle: <\/em><em>Krista J\u00e4nn\u00e4ri 2022<\/em><\/p>\n<p><img loading=\"lazy\" decoding=\"async\" class=\"aligncenter wp-image-830 size-large\" src=\"http:\/\/mainospalvelu.net\/wp-content\/uploads\/2023\/01\/KAVELY_KEVYEMMAKSI_SAAME-724x1024.jpg\" alt=\"\" width=\"724\" height=\"1024\" srcset=\"https:\/\/mainospalvelu.net\/wp-content\/uploads\/2023\/01\/KAVELY_KEVYEMMAKSI_SAAME-724x1024.jpg 724w, https:\/\/mainospalvelu.net\/wp-content\/uploads\/2023\/01\/KAVELY_KEVYEMMAKSI_SAAME-212x300.jpg 212w, https:\/\/mainospalvelu.net\/wp-content\/uploads\/2023\/01\/KAVELY_KEVYEMMAKSI_SAAME-768x1087.jpg 768w, https:\/\/mainospalvelu.net\/wp-content\/uploads\/2023\/01\/KAVELY_KEVYEMMAKSI_SAAME-106x150.jpg 106w, https:\/\/mainospalvelu.net\/wp-content\/uploads\/2023\/01\/KAVELY_KEVYEMMAKSI_SAAME.jpg 1000w\" sizes=\"auto, (max-width: 724px) 100vw, 724px\" \/><\/p>\n<p style=\"text-align: center;\"><em>Yksi Ik\u00e4instituutin K\u00e4vely keve\u00e4mm\u00e4ksi -kampanjan kieliversioista oli saamenkielinen.<br \/>\n<\/em><em>Kuvitus <\/em><em>Krista J\u00e4nn\u00e4ri 2021<\/em><\/p>\n<p><img loading=\"lazy\" decoding=\"async\" class=\"aligncenter wp-image-809\" src=\"http:\/\/mainospalvelu.net\/wp-content\/uploads\/2021\/09\/hiiret__vari2-300x165.jpg\" alt=\"\" width=\"450\" height=\"248\" srcset=\"https:\/\/mainospalvelu.net\/wp-content\/uploads\/2021\/09\/hiiret__vari2-300x165.jpg 300w, https:\/\/mainospalvelu.net\/wp-content\/uploads\/2021\/09\/hiiret__vari2-1024x564.jpg 1024w, https:\/\/mainospalvelu.net\/wp-content\/uploads\/2021\/09\/hiiret__vari2-768x423.jpg 768w, https:\/\/mainospalvelu.net\/wp-content\/uploads\/2021\/09\/hiiret__vari2-150x83.jpg 150w, https:\/\/mainospalvelu.net\/wp-content\/uploads\/2021\/09\/hiiret__vari2.jpg 1500w\" sizes=\"auto, (max-width: 450px) 100vw, 450px\" \/><\/p>\n<p style=\"text-align: center;\"><em>Kuvitusta Nurmij\u00e4rven kirjastolle: <\/em><em>Helmi Kohonen \/ Krista J\u00e4nn\u00e4ri 2021<\/em><\/p>\n<p><img loading=\"lazy\" decoding=\"async\" class=\"aligncenter wp-image-795\" src=\"http:\/\/mainospalvelu.net\/wp-content\/uploads\/2021\/03\/tuolit-vari-300x106.jpg\" alt=\"\" width=\"650\" height=\"231\" srcset=\"https:\/\/mainospalvelu.net\/wp-content\/uploads\/2021\/03\/tuolit-vari-300x106.jpg 300w, https:\/\/mainospalvelu.net\/wp-content\/uploads\/2021\/03\/tuolit-vari-1024x363.jpg 1024w, https:\/\/mainospalvelu.net\/wp-content\/uploads\/2021\/03\/tuolit-vari-768x272.jpg 768w, https:\/\/mainospalvelu.net\/wp-content\/uploads\/2021\/03\/tuolit-vari-150x53.jpg 150w, https:\/\/mainospalvelu.net\/wp-content\/uploads\/2021\/03\/tuolit-vari.jpg 1074w\" sizes=\"auto, (max-width: 650px) 100vw, 650px\" \/><\/p>\n<p style=\"text-align: center;\"><em>Facebook-sivun vinjetit: Ty\u00f6tt\u00f6mien terveyspalveluiden ammattilaisten verkosto<\/em><br \/>\n<em>Piirrokset Krista J\u00e4nn\u00e4ri 2020<\/em><\/p>\n<p><img loading=\"lazy\" decoding=\"async\" class=\"aligncenter wp-image-782\" src=\"http:\/\/mainospalvelu.net\/wp-content\/uploads\/2021\/01\/tonttu_lampi-300x211.jpg\" alt=\"\" width=\"650\" height=\"457\" srcset=\"https:\/\/mainospalvelu.net\/wp-content\/uploads\/2021\/01\/tonttu_lampi-300x211.jpg 300w, https:\/\/mainospalvelu.net\/wp-content\/uploads\/2021\/01\/tonttu_lampi-768x540.jpg 768w, https:\/\/mainospalvelu.net\/wp-content\/uploads\/2021\/01\/tonttu_lampi-150x105.jpg 150w, https:\/\/mainospalvelu.net\/wp-content\/uploads\/2021\/01\/tonttu_lampi.jpg 1000w\" sizes=\"auto, (max-width: 650px) 100vw, 650px\" \/><\/p>\n<p style=\"text-align: center;\"><em>Krista J\u00e4nn\u00e4ri: sarjakuva<\/em><\/p>\n<p><img loading=\"lazy\" decoding=\"async\" class=\"aligncenter wp-image-785\" src=\"http:\/\/mainospalvelu.net\/wp-content\/uploads\/2021\/01\/tontut2-300x206.jpg\" alt=\"\" width=\"650\" height=\"447\" srcset=\"https:\/\/mainospalvelu.net\/wp-content\/uploads\/2021\/01\/tontut2-300x206.jpg 300w, https:\/\/mainospalvelu.net\/wp-content\/uploads\/2021\/01\/tontut2-1024x705.jpg 1024w, https:\/\/mainospalvelu.net\/wp-content\/uploads\/2021\/01\/tontut2-768x529.jpg 768w, https:\/\/mainospalvelu.net\/wp-content\/uploads\/2021\/01\/tontut2-1536x1057.jpg 1536w, https:\/\/mainospalvelu.net\/wp-content\/uploads\/2021\/01\/tontut2-2048x1409.jpg 2048w, https:\/\/mainospalvelu.net\/wp-content\/uploads\/2021\/01\/tontut2-150x103.jpg 150w\" sizes=\"auto, (max-width: 650px) 100vw, 650px\" \/><\/p>\n<p><img loading=\"lazy\" decoding=\"async\" class=\"aligncenter wp-image-567\" src=\"http:\/\/mainospalvelu.net\/wp-content\/uploads\/2020\/04\/eLAINPIIRROKSET-HELMI-300x212.jpg\" alt=\"\" width=\"800\" height=\"566\" srcset=\"https:\/\/mainospalvelu.net\/wp-content\/uploads\/2020\/04\/eLAINPIIRROKSET-HELMI-300x212.jpg 300w, https:\/\/mainospalvelu.net\/wp-content\/uploads\/2020\/04\/eLAINPIIRROKSET-HELMI-768x543.jpg 768w, https:\/\/mainospalvelu.net\/wp-content\/uploads\/2020\/04\/eLAINPIIRROKSET-HELMI-150x106.jpg 150w, https:\/\/mainospalvelu.net\/wp-content\/uploads\/2020\/04\/eLAINPIIRROKSET-HELMI.jpg 1000w\" sizes=\"auto, (max-width: 800px) 100vw, 800px\" \/><\/p>\n<p style=\"text-align: center;\"><em>H.O.K.: Ketter\u00e4t kaverit -joogakorttisarjan kuvitusta. Nurmij\u00e4rven liikuntatoimi 2018<\/em><\/p>\n<p><img loading=\"lazy\" decoding=\"async\" class=\"aligncenter wp-image-578\" src=\"http:\/\/mainospalvelu.net\/wp-content\/uploads\/2020\/04\/helmikoonti-300x173.jpg\" alt=\"\" width=\"800\" height=\"461\" srcset=\"https:\/\/mainospalvelu.net\/wp-content\/uploads\/2020\/04\/helmikoonti-300x173.jpg 300w, https:\/\/mainospalvelu.net\/wp-content\/uploads\/2020\/04\/helmikoonti-1024x590.jpg 1024w, https:\/\/mainospalvelu.net\/wp-content\/uploads\/2020\/04\/helmikoonti-768x442.jpg 768w, https:\/\/mainospalvelu.net\/wp-content\/uploads\/2020\/04\/helmikoonti-150x86.jpg 150w, https:\/\/mainospalvelu.net\/wp-content\/uploads\/2020\/04\/helmikoonti.jpg 1057w\" sizes=\"auto, (max-width: 800px) 100vw, 800px\" \/><\/p>\n<p style=\"text-align: center;\"><em>Joogakortit ovat osa Nurmij\u00e4rven liikuntatoimen Ketter\u00e4t kaverit -tuoteperhett\u00e4.<\/em><br \/>\n<em>Piirrokset: H.O.K. Layout: K. J\u00e4nn\u00e4ri<\/em><\/p>\n<p style=\"text-align: center;\"><img loading=\"lazy\" decoding=\"async\" class=\"aligncenter wp-image-744\" src=\"http:\/\/mainospalvelu.net\/wp-content\/uploads\/2020\/04\/manx-300x141.jpg\" alt=\"\" width=\"700\" height=\"328\" srcset=\"https:\/\/mainospalvelu.net\/wp-content\/uploads\/2020\/04\/manx-300x141.jpg 300w, https:\/\/mainospalvelu.net\/wp-content\/uploads\/2020\/04\/manx-1024x480.jpg 1024w, https:\/\/mainospalvelu.net\/wp-content\/uploads\/2020\/04\/manx-768x360.jpg 768w, https:\/\/mainospalvelu.net\/wp-content\/uploads\/2020\/04\/manx-1536x720.jpg 1536w, https:\/\/mainospalvelu.net\/wp-content\/uploads\/2020\/04\/manx-2048x959.jpg 2048w, https:\/\/mainospalvelu.net\/wp-content\/uploads\/2020\/04\/manx-150x70.jpg 150w\" sizes=\"auto, (max-width: 700px) 100vw, 700px\" \/><em>H. O. K.: Sherwood Manx Clubin logo<\/em><\/p>\n<p>&nbsp;<\/p>\n<p><img loading=\"lazy\" decoding=\"async\" class=\"aligncenter wp-image-608\" src=\"http:\/\/mainospalvelu.net\/wp-content\/uploads\/2020\/04\/tanssi-300x159.jpg\" alt=\"\" width=\"800\" height=\"423\" srcset=\"https:\/\/mainospalvelu.net\/wp-content\/uploads\/2020\/04\/tanssi-300x159.jpg 300w, https:\/\/mainospalvelu.net\/wp-content\/uploads\/2020\/04\/tanssi-1024x542.jpg 1024w, https:\/\/mainospalvelu.net\/wp-content\/uploads\/2020\/04\/tanssi-768x406.jpg 768w, https:\/\/mainospalvelu.net\/wp-content\/uploads\/2020\/04\/tanssi-1536x813.jpg 1536w, https:\/\/mainospalvelu.net\/wp-content\/uploads\/2020\/04\/tanssi-2048x1084.jpg 2048w, https:\/\/mainospalvelu.net\/wp-content\/uploads\/2020\/04\/tanssi-150x79.jpg 150w\" sizes=\"auto, (max-width: 800px) 100vw, 800px\" \/><\/p>\n<p style=\"text-align: center;\"><em>Krista J\u00e4nn\u00e4ri: Senioritanssiohjaajan opas, Ik\u00e4instituutti 2018<\/em><\/p>\n<p style=\"text-align: center;\"><img loading=\"lazy\" decoding=\"async\" class=\"aligncenter wp-image-554\" src=\"http:\/\/mainospalvelu.net\/wp-content\/uploads\/2020\/04\/stategiapohja-perspektiivi-isot-kuvat-300x210.jpg\" alt=\"\" width=\"800\" height=\"560\" srcset=\"https:\/\/mainospalvelu.net\/wp-content\/uploads\/2020\/04\/stategiapohja-perspektiivi-isot-kuvat-300x210.jpg 300w, https:\/\/mainospalvelu.net\/wp-content\/uploads\/2020\/04\/stategiapohja-perspektiivi-isot-kuvat-1024x717.jpg 1024w, https:\/\/mainospalvelu.net\/wp-content\/uploads\/2020\/04\/stategiapohja-perspektiivi-isot-kuvat-768x538.jpg 768w, https:\/\/mainospalvelu.net\/wp-content\/uploads\/2020\/04\/stategiapohja-perspektiivi-isot-kuvat-1536x1075.jpg 1536w, https:\/\/mainospalvelu.net\/wp-content\/uploads\/2020\/04\/stategiapohja-perspektiivi-isot-kuvat-150x105.jpg 150w, https:\/\/mainospalvelu.net\/wp-content\/uploads\/2020\/04\/stategiapohja-perspektiivi-isot-kuvat.jpg 1600w\" sizes=\"auto, (max-width: 800px) 100vw, 800px\" \/><em>Krista J\u00e4nn\u00e4ri: Kuntakartta. Nurmij\u00e4rven kunnan strategiaesite 2018<\/em><\/p>\n<p><img loading=\"lazy\" decoding=\"async\" class=\"aligncenter wp-image-737\" src=\"http:\/\/mainospalvelu.net\/wp-content\/uploads\/2020\/04\/vinjettikuvia2-300x177.jpg\" alt=\"\" width=\"800\" height=\"473\" srcset=\"https:\/\/mainospalvelu.net\/wp-content\/uploads\/2020\/04\/vinjettikuvia2-300x177.jpg 300w, https:\/\/mainospalvelu.net\/wp-content\/uploads\/2020\/04\/vinjettikuvia2-1024x605.jpg 1024w, https:\/\/mainospalvelu.net\/wp-content\/uploads\/2020\/04\/vinjettikuvia2-768x454.jpg 768w, https:\/\/mainospalvelu.net\/wp-content\/uploads\/2020\/04\/vinjettikuvia2-1536x907.jpg 1536w, https:\/\/mainospalvelu.net\/wp-content\/uploads\/2020\/04\/vinjettikuvia2-150x89.jpg 150w, https:\/\/mainospalvelu.net\/wp-content\/uploads\/2020\/04\/vinjettikuvia2.jpg 1600w\" sizes=\"auto, (max-width: 800px) 100vw, 800px\" \/><\/p>\n<p style=\"text-align: center;\"><em>Krista J\u00e4nn\u00e4ri: Vinjettikuvia karttaa varten. Nurmij\u00e4rven kunta 2018<\/em><\/p>\n<p><img loading=\"lazy\" decoding=\"async\" class=\"aligncenter wp-image-583\" src=\"http:\/\/mainospalvelu.net\/wp-content\/uploads\/2020\/04\/pelimatto-199x300.jpg\" alt=\"\" width=\"800\" height=\"1203\" srcset=\"https:\/\/mainospalvelu.net\/wp-content\/uploads\/2020\/04\/pelimatto-199x300.jpg 199w, https:\/\/mainospalvelu.net\/wp-content\/uploads\/2020\/04\/pelimatto-681x1024.jpg 681w, https:\/\/mainospalvelu.net\/wp-content\/uploads\/2020\/04\/pelimatto-768x1155.jpg 768w, https:\/\/mainospalvelu.net\/wp-content\/uploads\/2020\/04\/pelimatto-100x150.jpg 100w, https:\/\/mainospalvelu.net\/wp-content\/uploads\/2020\/04\/pelimatto.jpg 1000w\" sizes=\"auto, (max-width: 800px) 100vw, 800px\" \/><\/p>\n<p style=\"text-align: center;\"><em>Ketter\u00e4t kaverit -liikuntapelimatto. Nurmij\u00e4rven liikuntatoimi 2015<br \/>\nYli puolen vuoden suurprojekti vaati kaikkiaan kolme kuvittajaa.<br \/>\nLayout: Krista J\u00e4nn\u00e4ri<br \/>\nPiirrokset: Gribby Bullock, Heta Kohonen ja Krista J\u00e4nn\u00e4ri<\/em><\/p>\n<p><img loading=\"lazy\" decoding=\"async\" class=\"aligncenter wp-image-595\" src=\"http:\/\/mainospalvelu.net\/wp-content\/uploads\/2020\/04\/rintamerkkej\u00e4-300x101.jpg\" alt=\"\" width=\"800\" height=\"269\" srcset=\"https:\/\/mainospalvelu.net\/wp-content\/uploads\/2020\/04\/rintamerkkej\u00e4-300x101.jpg 300w, https:\/\/mainospalvelu.net\/wp-content\/uploads\/2020\/04\/rintamerkkej\u00e4-1024x344.jpg 1024w, https:\/\/mainospalvelu.net\/wp-content\/uploads\/2020\/04\/rintamerkkej\u00e4-768x258.jpg 768w, https:\/\/mainospalvelu.net\/wp-content\/uploads\/2020\/04\/rintamerkkej\u00e4-150x50.jpg 150w, https:\/\/mainospalvelu.net\/wp-content\/uploads\/2020\/04\/rintamerkkej\u00e4.jpg 1297w\" sizes=\"auto, (max-width: 800px) 100vw, 800px\" \/><\/p>\n<p style=\"text-align: center;\"><em>Vuonna 2016 piirroksista teetettiin 20 erilaista rintamerkki\u00e4,<br \/>\nideoitiin 34-osainen el\u00e4inkorttisarja ja 12 erilaista itsetulostettava v\u00e4ritysarkkia.<\/em><\/p>\n<p><img loading=\"lazy\" decoding=\"async\" class=\"aligncenter wp-image-661\" src=\"http:\/\/mainospalvelu.net\/wp-content\/uploads\/2020\/04\/julisteA3-tulostus-209x300.jpg\" alt=\"\" width=\"600\" height=\"861\" srcset=\"https:\/\/mainospalvelu.net\/wp-content\/uploads\/2020\/04\/julisteA3-tulostus-209x300.jpg 209w, https:\/\/mainospalvelu.net\/wp-content\/uploads\/2020\/04\/julisteA3-tulostus-714x1024.jpg 714w, https:\/\/mainospalvelu.net\/wp-content\/uploads\/2020\/04\/julisteA3-tulostus-768x1102.jpg 768w, https:\/\/mainospalvelu.net\/wp-content\/uploads\/2020\/04\/julisteA3-tulostus-1070x1536.jpg 1070w, https:\/\/mainospalvelu.net\/wp-content\/uploads\/2020\/04\/julisteA3-tulostus-1427x2048.jpg 1427w, https:\/\/mainospalvelu.net\/wp-content\/uploads\/2020\/04\/julisteA3-tulostus-105x150.jpg 105w, https:\/\/mainospalvelu.net\/wp-content\/uploads\/2020\/04\/julisteA3-tulostus.jpg 1600w\" sizes=\"auto, (max-width: 600px) 100vw, 600px\" \/><\/p>\n<p style=\"text-align: center;\"><em>Krista J\u00e4nn\u00e4ri: Helsingin kaupungintalo.<br \/>\nVirka Infon juliste 2012<\/em><\/p>\n<p><img loading=\"lazy\" decoding=\"async\" class=\"aligncenter wp-image-789\" src=\"http:\/\/mainospalvelu.net\/wp-content\/uploads\/2021\/03\/Kannet_ja_selk\u00e4_painos3-207x300.jpg\" alt=\"\" width=\"400\" height=\"580\" srcset=\"https:\/\/mainospalvelu.net\/wp-content\/uploads\/2021\/03\/Kannet_ja_selk\u00e4_painos3-207x300.jpg 207w, https:\/\/mainospalvelu.net\/wp-content\/uploads\/2021\/03\/Kannet_ja_selk\u00e4_painos3-707x1024.jpg 707w, https:\/\/mainospalvelu.net\/wp-content\/uploads\/2021\/03\/Kannet_ja_selk\u00e4_painos3-768x1113.jpg 768w, https:\/\/mainospalvelu.net\/wp-content\/uploads\/2021\/03\/Kannet_ja_selk\u00e4_painos3-104x150.jpg 104w, https:\/\/mainospalvelu.net\/wp-content\/uploads\/2021\/03\/Kannet_ja_selk\u00e4_painos3.jpg 1000w\" sizes=\"auto, (max-width: 400px) 100vw, 400px\" \/><\/p>\n<p style=\"text-align: center;\"><em>Kirjan kannet 2011: Taitto Krista J\u00e4nn\u00e4ri,<br \/>\nkansikuvapiirros ja luonnokset Helmi Kohonen<\/em><\/p>\n<p style=\"text-align: center;\"><em><img loading=\"lazy\" decoding=\"async\" class=\"aligncenter wp-image-747 size-full\" src=\"http:\/\/mainospalvelu.net\/wp-content\/uploads\/2020\/04\/taustakangas_sipoo.jpg\" alt=\"\" width=\"800\" height=\"330\" srcset=\"https:\/\/mainospalvelu.net\/wp-content\/uploads\/2020\/04\/taustakangas_sipoo.jpg 800w, https:\/\/mainospalvelu.net\/wp-content\/uploads\/2020\/04\/taustakangas_sipoo-300x124.jpg 300w, https:\/\/mainospalvelu.net\/wp-content\/uploads\/2020\/04\/taustakangas_sipoo-768x317.jpg 768w, https:\/\/mainospalvelu.net\/wp-content\/uploads\/2020\/04\/taustakangas_sipoo-150x62.jpg 150w\" sizes=\"auto, (max-width: 800px) 100vw, 800px\" \/>Krista J\u00e4nn\u00e4ri: osa kulissimaalausta. W. Shakespeare: Kes\u00e4y\u00f6n unelma, Sipoon teatteri 2011<\/em><\/p>\n<p style=\"text-align: center;\"><img loading=\"lazy\" decoding=\"async\" class=\"aligncenter wp-image-759\" src=\"http:\/\/mainospalvelu.net\/wp-content\/uploads\/2020\/04\/P3265482taulu-300x158.jpg\" alt=\"\" width=\"800\" height=\"421\" srcset=\"https:\/\/mainospalvelu.net\/wp-content\/uploads\/2020\/04\/P3265482taulu-300x158.jpg 300w, https:\/\/mainospalvelu.net\/wp-content\/uploads\/2020\/04\/P3265482taulu-1024x539.jpg 1024w, https:\/\/mainospalvelu.net\/wp-content\/uploads\/2020\/04\/P3265482taulu-768x405.jpg 768w, https:\/\/mainospalvelu.net\/wp-content\/uploads\/2020\/04\/P3265482taulu-150x79.jpg 150w, https:\/\/mainospalvelu.net\/wp-content\/uploads\/2020\/04\/P3265482taulu.jpg 1528w\" sizes=\"auto, (max-width: 800px) 100vw, 800px\" \/><em>Yrityslogoon perustuva tilausty\u00f6, Krista J\u00e4nn\u00e4ri (ent. Kohonen):<\/em><br \/>\n<em>Akryylimaalaus nelj\u00e4n taulun sarjasta Muovitehdas Europakin asiakastiloihin 1995<\/em><\/p>\n<p style=\"text-align: center;\"><img loading=\"lazy\" decoding=\"async\" class=\"wp-image-750 aligncenter\" src=\"http:\/\/mainospalvelu.net\/wp-content\/uploads\/2020\/04\/orion1-300x106.jpg\" alt=\"\" width=\"800\" height=\"282\" srcset=\"https:\/\/mainospalvelu.net\/wp-content\/uploads\/2020\/04\/orion1-300x106.jpg 300w, https:\/\/mainospalvelu.net\/wp-content\/uploads\/2020\/04\/orion1-1024x360.jpg 1024w, https:\/\/mainospalvelu.net\/wp-content\/uploads\/2020\/04\/orion1-768x270.jpg 768w, https:\/\/mainospalvelu.net\/wp-content\/uploads\/2020\/04\/orion1-1536x540.jpg 1536w, https:\/\/mainospalvelu.net\/wp-content\/uploads\/2020\/04\/orion1-150x53.jpg 150w, https:\/\/mainospalvelu.net\/wp-content\/uploads\/2020\/04\/orion1.jpg 1600w\" sizes=\"auto, (max-width: 800px) 100vw, 800px\" \/><em>Krista J\u00e4nn\u00e4ri: Pikkupiirroksia 80-luvulta.<br \/>\nOrion El\u00e4inl\u00e4\u00e4kint\u00e4<\/em><\/p>\n","protected":false},"excerpt":{"rendered":"<p>Piirt\u00e4m\u00e4ll\u00e4 luodaan kuvia, joissa vain mielikuvitus on rajana &nbsp; K\u00e4yt\u00f6ss\u00e4si on useampia kuvittajia, joista jokaisella on oma taiteellinen k\u00e4denj\u00e4lkens\u00e4. Kuvitamme joko perinteiseen tapaan k\u00e4sin tai tietokoneella, toimeksiannosta ja tyylitoiveesta riippuen. Kuvitusta Suomen Kansainv\u00e4liselle Senioritanssiliitolle: Krista J\u00e4nn\u00e4ri 2022 Yksi Ik\u00e4instituutin K\u00e4vely keve\u00e4mm\u00e4ksi&#8230;<\/p>\n<p> <a class=\"continue-reading-link\" href=\"https:\/\/mainospalvelu.net\/?page_id=156\"><span>Jatka lukemista<\/span><i class=\"crycon-right-dir\"><\/i><\/a> <\/p>\n","protected":false},"author":3,"featured_media":0,"parent":154,"menu_order":0,"comment_status":"closed","ping_status":"closed","template":"","meta":{"footnotes":""},"class_list":["post-156","page","type-page","status-publish","hentry"],"_links":{"self":[{"href":"https:\/\/mainospalvelu.net\/index.php?rest_route=\/wp\/v2\/pages\/156","targetHints":{"allow":["GET"]}}],"collection":[{"href":"https:\/\/mainospalvelu.net\/index.php?rest_route=\/wp\/v2\/pages"}],"about":[{"href":"https:\/\/mainospalvelu.net\/index.php?rest_route=\/wp\/v2\/types\/page"}],"author":[{"embeddable":true,"href":"https:\/\/mainospalvelu.net\/index.php?rest_route=\/wp\/v2\/users\/3"}],"replies":[{"embeddable":true,"href":"https:\/\/mainospalvelu.net\/index.php?rest_route=%2Fwp%2Fv2%2Fcomments&post=156"}],"version-history":[{"count":66,"href":"https:\/\/mainospalvelu.net\/index.php?rest_route=\/wp\/v2\/pages\/156\/revisions"}],"predecessor-version":[{"id":940,"href":"https:\/\/mainospalvelu.net\/index.php?rest_route=\/wp\/v2\/pages\/156\/revisions\/940"}],"up":[{"embeddable":true,"href":"https:\/\/mainospalvelu.net\/index.php?rest_route=\/wp\/v2\/pages\/154"}],"wp:attachment":[{"href":"https:\/\/mainospalvelu.net\/index.php?rest_route=%2Fwp%2Fv2%2Fmedia&parent=156"}],"curies":[{"name":"wp","href":"https:\/\/api.w.org\/{rel}","templated":true}]}}