{"id":154,"date":"2020-04-09T20:41:25","date_gmt":"2020-04-09T20:41:25","guid":{"rendered":"http:\/\/mainospalvelu.net\/?page_id=154"},"modified":"2020-04-13T20:02:25","modified_gmt":"2020-04-13T20:02:25","slug":"kuvitus","status":"publish","type":"page","link":"https:\/\/mainospalvelu.net\/?page_id=154","title":{"rendered":"Kuvitus"},"content":{"rendered":"<h2>KUVITUS LIS\u00c4\u00c4 KIINNOSTAVUUTTA<\/h2>\n<p>&nbsp;<\/p>\n<h5><em>&#8221;Piirros, graafi tai hyvin valittu valokuva selkeytt\u00e4\u00e4 viesti\u00e4si ja tekee siit\u00e4 mielenkiintoisemman<\/em><em>.&#8221;<\/em><\/h5>\n<p>&nbsp;<\/p>\n<ul>\n<li><a href=\"http:\/\/mainospalvelu.net\/kuvitus\/piirrokset\/\">Piirrokset<\/a><\/li>\n<li><a href=\"http:\/\/mainospalvelu.net\/kuvitus\/graafit\/\">Graafit<\/a><\/li>\n<li><a href=\"http:\/\/mainospalvelu.net\/kuvitus\/valokuvat\/\">Valokuvat<\/a><\/li>\n<\/ul>\n","protected":false},"excerpt":{"rendered":"<p>KUVITUS LIS\u00c4\u00c4 KIINNOSTAVUUTTA &nbsp; &#8221;Piirros, graafi tai hyvin valittu valokuva selkeytt\u00e4\u00e4 viesti\u00e4si ja tekee siit\u00e4 mielenkiintoisemman.&#8221; &nbsp; Piirrokset Graafit Valokuvat<\/p>\n<p> <a class=\"continue-reading-link\" href=\"https:\/\/mainospalvelu.net\/?page_id=154\"><span>Jatka lukemista<\/span><i class=\"crycon-right-dir\"><\/i><\/a> <\/p>\n","protected":false},"author":3,"featured_media":0,"parent":0,"menu_order":0,"comment_status":"closed","ping_status":"closed","template":"","meta":{"footnotes":""},"class_list":["post-154","page","type-page","status-publish","hentry"],"_links":{"self":[{"href":"https:\/\/mainospalvelu.net\/index.php?rest_route=\/wp\/v2\/pages\/154","targetHints":{"allow":["GET"]}}],"collection":[{"href":"https:\/\/mainospalvelu.net\/index.php?rest_route=\/wp\/v2\/pages"}],"about":[{"href":"https:\/\/mainospalvelu.net\/index.php?rest_route=\/wp\/v2\/types\/page"}],"author":[{"embeddable":true,"href":"https:\/\/mainospalvelu.net\/index.php?rest_route=\/wp\/v2\/users\/3"}],"replies":[{"embeddable":true,"href":"https:\/\/mainospalvelu.net\/index.php?rest_route=%2Fwp%2Fv2%2Fcomments&post=154"}],"version-history":[{"count":9,"href":"https:\/\/mainospalvelu.net\/index.php?rest_route=\/wp\/v2\/pages\/154\/revisions"}],"predecessor-version":[{"id":707,"href":"https:\/\/mainospalvelu.net\/index.php?rest_route=\/wp\/v2\/pages\/154\/revisions\/707"}],"wp:attachment":[{"href":"https:\/\/mainospalvelu.net\/index.php?rest_route=%2Fwp%2Fv2%2Fmedia&parent=154"}],"curies":[{"name":"wp","href":"https:\/\/api.w.org\/{rel}","templated":true}]}}