{"id":148,"date":"2020-04-09T20:39:05","date_gmt":"2020-04-09T20:39:05","guid":{"rendered":"http:\/\/mainospalvelu.net\/?page_id=148"},"modified":"2023-11-29T11:28:26","modified_gmt":"2023-11-29T11:28:26","slug":"julisteet-posterit-ja-banderollit","status":"publish","type":"page","link":"https:\/\/mainospalvelu.net\/?page_id=148","title":{"rendered":"Julisteet, posterit ja banderollit"},"content":{"rendered":"<h4 style=\"text-align: center;\">Sano se sein\u00e4ll\u00e4!<\/h4>\n<p style=\"text-align: center;\">Suu<span style=\"font-family: 'Source Sans Pro';\">nnittelemme ja taitamme seminaariposterit, mainos- ja tapahtumajulisteet.<br \/>\n<\/span>Tarvittaessa hoidamme tulostuksen puolestasi.<\/p>\n<p>&nbsp;<\/p>\n<p>&nbsp;<\/p>\n<p style=\"text-align: center;\"><img loading=\"lazy\" decoding=\"async\" class=\"alignnone wp-image-888\" src=\"http:\/\/mainospalvelu.net\/wp-content\/uploads\/2023\/11\/A1-juliste-netti-300x141.jpg\" alt=\"\" width=\"600\" height=\"281\" srcset=\"https:\/\/mainospalvelu.net\/wp-content\/uploads\/2023\/11\/A1-juliste-netti-300x141.jpg 300w, https:\/\/mainospalvelu.net\/wp-content\/uploads\/2023\/11\/A1-juliste-netti-1024x480.jpg 1024w, https:\/\/mainospalvelu.net\/wp-content\/uploads\/2023\/11\/A1-juliste-netti-768x360.jpg 768w, https:\/\/mainospalvelu.net\/wp-content\/uploads\/2023\/11\/A1-juliste-netti-150x70.jpg 150w, https:\/\/mainospalvelu.net\/wp-content\/uploads\/2023\/11\/A1-juliste-netti.jpg 1295w\" sizes=\"auto, (max-width: 600px) 100vw, 600px\" \/><\/p>\n<p style=\"text-align: center;\"><em>Taiteilija Ilona Treiman, n\u00e4yttelyjulisteita<\/em><\/p>\n<p><img loading=\"lazy\" decoding=\"async\" class=\"aligncenter wp-image-376\" src=\"http:\/\/mainospalvelu.net\/wp-content\/uploads\/2020\/04\/posteri_ikainstituutti_1193x2133-300x166.jpg\" alt=\"\" width=\"600\" height=\"332\" srcset=\"https:\/\/mainospalvelu.net\/wp-content\/uploads\/2020\/04\/posteri_ikainstituutti_1193x2133-300x166.jpg 300w, https:\/\/mainospalvelu.net\/wp-content\/uploads\/2020\/04\/posteri_ikainstituutti_1193x2133-768x426.jpg 768w, https:\/\/mainospalvelu.net\/wp-content\/uploads\/2020\/04\/posteri_ikainstituutti_1193x2133-150x83.jpg 150w, https:\/\/mainospalvelu.net\/wp-content\/uploads\/2020\/04\/posteri_ikainstituutti_1193x2133.jpg 850w\" sizes=\"auto, (max-width: 600px) 100vw, 600px\" \/><\/p>\n<p style=\"text-align: center;\"><em>Seminaariposteri, Ik\u00e4instituutti 2017<\/em><\/p>\n<p style=\"text-align: center;\"><em><img loading=\"lazy\" decoding=\"async\" class=\"aligncenter wp-image-338\" src=\"http:\/\/mainospalvelu.net\/wp-content\/uploads\/2020\/04\/Posteri_841x1189_mm_vtkl_2N-210x300.jpg\" alt=\"\" width=\"300\" height=\"428\" srcset=\"https:\/\/mainospalvelu.net\/wp-content\/uploads\/2020\/04\/Posteri_841x1189_mm_vtkl_2N-210x300.jpg 210w, https:\/\/mainospalvelu.net\/wp-content\/uploads\/2020\/04\/Posteri_841x1189_mm_vtkl_2N-718x1024.jpg 718w, https:\/\/mainospalvelu.net\/wp-content\/uploads\/2020\/04\/Posteri_841x1189_mm_vtkl_2N-768x1095.jpg 768w, https:\/\/mainospalvelu.net\/wp-content\/uploads\/2020\/04\/Posteri_841x1189_mm_vtkl_2N-105x150.jpg 105w, https:\/\/mainospalvelu.net\/wp-content\/uploads\/2020\/04\/Posteri_841x1189_mm_vtkl_2N.jpg 800w\" sizes=\"auto, (max-width: 300px) 100vw, 300px\" \/>Seminaariposteri, VTKL 2016<\/em><\/p>\n<p style=\"text-align: center;\"><img loading=\"lazy\" decoding=\"async\" class=\"aligncenter wp-image-340\" src=\"http:\/\/mainospalvelu.net\/wp-content\/uploads\/2020\/04\/Miesten_juttu_juliste_A2-300x141.jpg\" alt=\"\" width=\"848\" height=\"400\" srcset=\"https:\/\/mainospalvelu.net\/wp-content\/uploads\/2020\/04\/Miesten_juttu_juliste_A2-300x141.jpg 300w, https:\/\/mainospalvelu.net\/wp-content\/uploads\/2020\/04\/Miesten_juttu_juliste_A2-768x362.jpg 768w, https:\/\/mainospalvelu.net\/wp-content\/uploads\/2020\/04\/Miesten_juttu_juliste_A2-150x71.jpg 150w, https:\/\/mainospalvelu.net\/wp-content\/uploads\/2020\/04\/Miesten_juttu_juliste_A2.jpg 900w\" sizes=\"auto, (max-width: 848px) 100vw, 848px\" \/><em>Suomen Luustoliiton julisteita ja posteri vuosilta 2014\u20132019<\/em><\/p>\n<p><img loading=\"lazy\" decoding=\"async\" class=\"aligncenter wp-image-493\" src=\"http:\/\/mainospalvelu.net\/wp-content\/uploads\/2020\/04\/ikista-300x143.jpg\" alt=\"\" width=\"845\" height=\"403\" srcset=\"https:\/\/mainospalvelu.net\/wp-content\/uploads\/2020\/04\/ikista-300x143.jpg 300w, https:\/\/mainospalvelu.net\/wp-content\/uploads\/2020\/04\/ikista-768x367.jpg 768w, https:\/\/mainospalvelu.net\/wp-content\/uploads\/2020\/04\/ikista-150x72.jpg 150w, https:\/\/mainospalvelu.net\/wp-content\/uploads\/2020\/04\/ikista.jpg 907w\" sizes=\"auto, (max-width: 845px) 100vw, 845px\" \/><\/p>\n<p style=\"text-align: center;\"><em>Ik\u00e4instituutin postereita 2014\u20132016<\/em><\/p>\n<p style=\"text-align: center;\"><img loading=\"lazy\" decoding=\"async\" class=\"aligncenter wp-image-334\" src=\"http:\/\/mainospalvelu.net\/wp-content\/uploads\/2020\/04\/Posteri_840x1190_mm_IAGG-DUBLIN_2015-1-216x300.jpg\" alt=\"\" width=\"500\" height=\"694\" srcset=\"https:\/\/mainospalvelu.net\/wp-content\/uploads\/2020\/04\/Posteri_840x1190_mm_IAGG-DUBLIN_2015-1-216x300.jpg 216w, https:\/\/mainospalvelu.net\/wp-content\/uploads\/2020\/04\/Posteri_840x1190_mm_IAGG-DUBLIN_2015-1-737x1024.jpg 737w, https:\/\/mainospalvelu.net\/wp-content\/uploads\/2020\/04\/Posteri_840x1190_mm_IAGG-DUBLIN_2015-1-768x1067.jpg 768w, https:\/\/mainospalvelu.net\/wp-content\/uploads\/2020\/04\/Posteri_840x1190_mm_IAGG-DUBLIN_2015-1-108x150.jpg 108w, https:\/\/mainospalvelu.net\/wp-content\/uploads\/2020\/04\/Posteri_840x1190_mm_IAGG-DUBLIN_2015-1.jpg 800w\" sizes=\"auto, (max-width: 500px) 100vw, 500px\" \/><em>VTKL Yst\u00e4v\u00e4piirin seminaariposteri<\/em><\/p>\n<p><img loading=\"lazy\" decoding=\"async\" class=\"aligncenter wp-image-890\" src=\"http:\/\/mainospalvelu.net\/wp-content\/uploads\/2023\/11\/nayttelyjuliste_2011-212x300.jpg\" alt=\"\" width=\"500\" height=\"707\" srcset=\"https:\/\/mainospalvelu.net\/wp-content\/uploads\/2023\/11\/nayttelyjuliste_2011-212x300.jpg 212w, https:\/\/mainospalvelu.net\/wp-content\/uploads\/2023\/11\/nayttelyjuliste_2011-724x1024.jpg 724w, https:\/\/mainospalvelu.net\/wp-content\/uploads\/2023\/11\/nayttelyjuliste_2011-768x1086.jpg 768w, https:\/\/mainospalvelu.net\/wp-content\/uploads\/2023\/11\/nayttelyjuliste_2011-1086x1536.jpg 1086w, https:\/\/mainospalvelu.net\/wp-content\/uploads\/2023\/11\/nayttelyjuliste_2011-1448x2048.jpg 1448w, https:\/\/mainospalvelu.net\/wp-content\/uploads\/2023\/11\/nayttelyjuliste_2011-106x150.jpg 106w, https:\/\/mainospalvelu.net\/wp-content\/uploads\/2023\/11\/nayttelyjuliste_2011.jpg 1600w\" sizes=\"auto, (max-width: 500px) 100vw, 500px\" \/><\/p>\n<p style=\"text-align: center;\"><em>Suomen k\u00e4sity\u00f6museon n\u00e4yttelyjuliste 2011<\/em><\/p>\n<p><img loading=\"lazy\" decoding=\"async\" class=\"aligncenter wp-image-379\" src=\"http:\/\/mainospalvelu.net\/wp-content\/uploads\/2020\/04\/500x670mm_taidelahtoiset_menetelmat_SU-224x300.jpg\" alt=\"\" width=\"500\" height=\"670\" srcset=\"https:\/\/mainospalvelu.net\/wp-content\/uploads\/2020\/04\/500x670mm_taidelahtoiset_menetelmat_SU-224x300.jpg 224w, https:\/\/mainospalvelu.net\/wp-content\/uploads\/2020\/04\/500x670mm_taidelahtoiset_menetelmat_SU-112x150.jpg 112w, https:\/\/mainospalvelu.net\/wp-content\/uploads\/2020\/04\/500x670mm_taidelahtoiset_menetelmat_SU.jpg 600w\" sizes=\"auto, (max-width: 500px) 100vw, 500px\" \/><\/p>\n<p style=\"text-align: center;\"><em>Seminaariposteri, Ik\u00e4instituutti 2014<\/em><\/p>\n<p><img loading=\"lazy\" decoding=\"async\" class=\"aligncenter wp-image-336\" src=\"http:\/\/mainospalvelu.net\/wp-content\/uploads\/2020\/04\/81x125_sipoonteatteri_borg_M-300x122.jpg\" alt=\"\" width=\"800\" height=\"324\" srcset=\"https:\/\/mainospalvelu.net\/wp-content\/uploads\/2020\/04\/81x125_sipoonteatteri_borg_M-300x122.jpg 300w, https:\/\/mainospalvelu.net\/wp-content\/uploads\/2020\/04\/81x125_sipoonteatteri_borg_M-1024x415.jpg 1024w, https:\/\/mainospalvelu.net\/wp-content\/uploads\/2020\/04\/81x125_sipoonteatteri_borg_M-768x311.jpg 768w, https:\/\/mainospalvelu.net\/wp-content\/uploads\/2020\/04\/81x125_sipoonteatteri_borg_M-150x61.jpg 150w, https:\/\/mainospalvelu.net\/wp-content\/uploads\/2020\/04\/81x125_sipoonteatteri_borg_M.jpg 1142w\" sizes=\"auto, (max-width: 800px) 100vw, 800px\" \/><\/p>\n<p style=\"text-align: center;\"><em>Teatterijulisteita, Sipoon teatteri<\/em><\/p>\n<p style=\"text-align: center;\">\n","protected":false},"excerpt":{"rendered":"<p>Sano se sein\u00e4ll\u00e4! Suunnittelemme ja taitamme seminaariposterit, mainos- ja tapahtumajulisteet. Tarvittaessa hoidamme tulostuksen puolestasi. &nbsp; &nbsp; Taiteilija Ilona Treiman, n\u00e4yttelyjulisteita Seminaariposteri, Ik\u00e4instituutti 2017 Seminaariposteri, VTKL 2016 Suomen Luustoliiton julisteita ja posteri vuosilta 2014\u20132019 Ik\u00e4instituutin postereita 2014\u20132016 VTKL Yst\u00e4v\u00e4piirin seminaariposteri Suomen k\u00e4sity\u00f6museon&#8230;<\/p>\n<p> <a class=\"continue-reading-link\" href=\"https:\/\/mainospalvelu.net\/?page_id=148\"><span>Jatka lukemista<\/span><i class=\"crycon-right-dir\"><\/i><\/a> <\/p>\n","protected":false},"author":3,"featured_media":0,"parent":4,"menu_order":0,"comment_status":"closed","ping_status":"closed","template":"","meta":{"footnotes":""},"class_list":["post-148","page","type-page","status-publish","hentry"],"_links":{"self":[{"href":"https:\/\/mainospalvelu.net\/index.php?rest_route=\/wp\/v2\/pages\/148","targetHints":{"allow":["GET"]}}],"collection":[{"href":"https:\/\/mainospalvelu.net\/index.php?rest_route=\/wp\/v2\/pages"}],"about":[{"href":"https:\/\/mainospalvelu.net\/index.php?rest_route=\/wp\/v2\/types\/page"}],"author":[{"embeddable":true,"href":"https:\/\/mainospalvelu.net\/index.php?rest_route=\/wp\/v2\/users\/3"}],"replies":[{"embeddable":true,"href":"https:\/\/mainospalvelu.net\/index.php?rest_route=%2Fwp%2Fv2%2Fcomments&post=148"}],"version-history":[{"count":38,"href":"https:\/\/mainospalvelu.net\/index.php?rest_route=\/wp\/v2\/pages\/148\/revisions"}],"predecessor-version":[{"id":891,"href":"https:\/\/mainospalvelu.net\/index.php?rest_route=\/wp\/v2\/pages\/148\/revisions\/891"}],"up":[{"embeddable":true,"href":"https:\/\/mainospalvelu.net\/index.php?rest_route=\/wp\/v2\/pages\/4"}],"wp:attachment":[{"href":"https:\/\/mainospalvelu.net\/index.php?rest_route=%2Fwp%2Fv2%2Fmedia&parent=148"}],"curies":[{"name":"wp","href":"https:\/\/api.w.org\/{rel}","templated":true}]}}