{"id":141,"date":"2020-04-09T20:36:47","date_gmt":"2020-04-09T20:36:47","guid":{"rendered":"http:\/\/mainospalvelu.net\/?page_id=141"},"modified":"2025-09-21T15:38:18","modified_gmt":"2025-09-21T15:38:18","slug":"lehtitaitto","status":"publish","type":"page","link":"https:\/\/mainospalvelu.net\/?page_id=141","title":{"rendered":"Lehtitaitto"},"content":{"rendered":"<h4 style=\"text-align: center;\">Perussuunnittelusta painovalmiiksi tai s\u00e4hk\u00f6iseksi tuotteeksi<\/h4>\n<p style=\"text-align: center;\">Perinteinen lehtitaitto on Mainospalvelun ydinosaamista. Taitamme ja ty\u00f6st\u00e4mme painovalmiiksi asiakaslehdet, harrastus-, yhteis\u00f6- ja yhdistyslehdet. Halutessasi autamme tekstin stilisoinnissa. Lehtitaittojen yhteydess\u00e4 k\u00e4yt\u00f6ss\u00e4si on Mainospalvelun kuvapankki ilman eri veloitusta.<\/p>\n<p style=\"text-align: center;\">Tarvittaessa hoidamme koko projektin alusta loppuun. Suunnittelusta valmiiseen painoty\u00f6h\u00f6n ja postitukseen saakka. Kilpailutamme painatuksen ja postituksen puolestasi. Yhteisty\u00f6kumppanimme ovat vuosien varrella luotettavaksi osoittautuneita alan ammattilaisia, joiden toimintaan ja hinnoitteluun asiakkaamme ovat olleet tyytyv\u00e4isi\u00e4.<\/p>\n<p>&nbsp;<\/p>\n<p><img loading=\"lazy\" decoding=\"async\" class=\"aligncenter wp-image-942 size-large\" src=\"http:\/\/mainospalvelu.net\/wp-content\/uploads\/2025\/09\/nettikuva-1024x765.png\" alt=\"\" width=\"860\" height=\"642\" srcset=\"https:\/\/mainospalvelu.net\/wp-content\/uploads\/2025\/09\/nettikuva-1024x765.png 1024w, https:\/\/mainospalvelu.net\/wp-content\/uploads\/2025\/09\/nettikuva-300x224.png 300w, https:\/\/mainospalvelu.net\/wp-content\/uploads\/2025\/09\/nettikuva-768x574.png 768w, https:\/\/mainospalvelu.net\/wp-content\/uploads\/2025\/09\/nettikuva-1536x1148.png 1536w, https:\/\/mainospalvelu.net\/wp-content\/uploads\/2025\/09\/nettikuva-2048x1531.png 2048w, https:\/\/mainospalvelu.net\/wp-content\/uploads\/2025\/09\/nettikuva-150x112.png 150w\" sizes=\"auto, (max-width: 860px) 100vw, 860px\" \/><\/p>\n<p style=\"text-align: center;\"><em>Arboretum Mustilan Yst\u00e4v\u00e4t Ry:n j\u00e4senlehti 2025<\/em><\/p>\n<p><img loading=\"lazy\" decoding=\"async\" class=\"aligncenter wp-image-937\" src=\"http:\/\/mainospalvelu.net\/wp-content\/uploads\/2025\/01\/coonilehdet-2024-300x105.jpg\" alt=\"\" width=\"1000\" height=\"349\" srcset=\"https:\/\/mainospalvelu.net\/wp-content\/uploads\/2025\/01\/coonilehdet-2024-300x105.jpg 300w, https:\/\/mainospalvelu.net\/wp-content\/uploads\/2025\/01\/coonilehdet-2024-1024x358.jpg 1024w, https:\/\/mainospalvelu.net\/wp-content\/uploads\/2025\/01\/coonilehdet-2024-768x268.jpg 768w, https:\/\/mainospalvelu.net\/wp-content\/uploads\/2025\/01\/coonilehdet-2024-1536x536.jpg 1536w, https:\/\/mainospalvelu.net\/wp-content\/uploads\/2025\/01\/coonilehdet-2024-2048x715.jpg 2048w, https:\/\/mainospalvelu.net\/wp-content\/uploads\/2025\/01\/coonilehdet-2024-150x52.jpg 150w\" sizes=\"auto, (max-width: 1000px) 100vw, 1000px\" \/><\/p>\n<p style=\"text-align: center;\"><em>Suomen Maine Coon kissat -yhdistyksen j\u00e4senlehti\u00e4 2024.<\/em><\/p>\n<p><img loading=\"lazy\" decoding=\"async\" class=\"aligncenter wp-image-935\" src=\"http:\/\/mainospalvelu.net\/wp-content\/uploads\/2025\/01\/senioritanssi_2024-212x300.jpg\" alt=\"\" width=\"300\" height=\"424\" srcset=\"https:\/\/mainospalvelu.net\/wp-content\/uploads\/2025\/01\/senioritanssi_2024-212x300.jpg 212w, https:\/\/mainospalvelu.net\/wp-content\/uploads\/2025\/01\/senioritanssi_2024-725x1024.jpg 725w, https:\/\/mainospalvelu.net\/wp-content\/uploads\/2025\/01\/senioritanssi_2024-768x1085.jpg 768w, https:\/\/mainospalvelu.net\/wp-content\/uploads\/2025\/01\/senioritanssi_2024-1088x1536.jpg 1088w, https:\/\/mainospalvelu.net\/wp-content\/uploads\/2025\/01\/senioritanssi_2024-1450x2048.jpg 1450w, https:\/\/mainospalvelu.net\/wp-content\/uploads\/2025\/01\/senioritanssi_2024-106x150.jpg 106w, https:\/\/mainospalvelu.net\/wp-content\/uploads\/2025\/01\/senioritanssi_2024-scaled.jpg 1813w\" sizes=\"auto, (max-width: 300px) 100vw, 300px\" \/><\/p>\n<p style=\"text-align: center;\"><em>Suomen Kansainv\u00e4lisen Senioritanssiliiton j\u00e4senlehti 2024.<\/em><\/p>\n<p><img loading=\"lazy\" decoding=\"async\" class=\"aligncenter wp-image-838 size-full\" src=\"http:\/\/mainospalvelu.net\/wp-content\/uploads\/2023\/01\/luustotieto2022.jpg\" alt=\"\" width=\"1000\" height=\"342\" srcset=\"https:\/\/mainospalvelu.net\/wp-content\/uploads\/2023\/01\/luustotieto2022.jpg 1000w, https:\/\/mainospalvelu.net\/wp-content\/uploads\/2023\/01\/luustotieto2022-300x103.jpg 300w, https:\/\/mainospalvelu.net\/wp-content\/uploads\/2023\/01\/luustotieto2022-768x263.jpg 768w, https:\/\/mainospalvelu.net\/wp-content\/uploads\/2023\/01\/luustotieto2022-150x51.jpg 150w\" sizes=\"auto, (max-width: 1000px) 100vw, 1000px\" \/><\/p>\n<p><img loading=\"lazy\" decoding=\"async\" class=\"aligncenter wp-image-233 size-full\" src=\"http:\/\/mainospalvelu.net\/wp-content\/uploads\/2020\/04\/luustotietokoonti.jpg\" alt=\"\" width=\"848\" height=\"283\" srcset=\"https:\/\/mainospalvelu.net\/wp-content\/uploads\/2020\/04\/luustotietokoonti.jpg 848w, https:\/\/mainospalvelu.net\/wp-content\/uploads\/2020\/04\/luustotietokoonti-300x100.jpg 300w, https:\/\/mainospalvelu.net\/wp-content\/uploads\/2020\/04\/luustotietokoonti-768x256.jpg 768w, https:\/\/mainospalvelu.net\/wp-content\/uploads\/2020\/04\/luustotietokoonti-150x50.jpg 150w\" sizes=\"auto, (max-width: 848px) 100vw, 848px\" \/><\/p>\n<p style=\"text-align: center;\"><em>Suomen Luustoliiton j\u00e4senlehti\u00e4 vuosilta 2013\u20132022\u00a0<\/em><\/p>\n<p style=\"text-align: center;\"><img loading=\"lazy\" decoding=\"async\" class=\"aligncenter wp-image-820 size-large\" src=\"http:\/\/mainospalvelu.net\/wp-content\/uploads\/2022\/01\/sisahuu1-1024x571.jpg\" alt=\"\" width=\"860\" height=\"480\" srcset=\"https:\/\/mainospalvelu.net\/wp-content\/uploads\/2022\/01\/sisahuu1-1024x571.jpg 1024w, https:\/\/mainospalvelu.net\/wp-content\/uploads\/2022\/01\/sisahuu1-300x167.jpg 300w, https:\/\/mainospalvelu.net\/wp-content\/uploads\/2022\/01\/sisahuu1-768x428.jpg 768w, https:\/\/mainospalvelu.net\/wp-content\/uploads\/2022\/01\/sisahuu1-1536x856.jpg 1536w, https:\/\/mainospalvelu.net\/wp-content\/uploads\/2022\/01\/sisahuu1-150x84.jpg 150w, https:\/\/mainospalvelu.net\/wp-content\/uploads\/2022\/01\/sisahuu1.jpg 1599w\" sizes=\"auto, (max-width: 860px) 100vw, 860px\" \/><em>Metropolia Ammattikorkeakoulun s\u00e4hk\u00f6inen julkaisu vuodelta 2021\u00a0<\/em><\/p>\n<p style=\"text-align: center;\"><img loading=\"lazy\" decoding=\"async\" class=\"aligncenter wp-image-227 size-full\" src=\"http:\/\/mainospalvelu.net\/wp-content\/uploads\/2020\/04\/autoasi.jpg\" alt=\"\" width=\"848\" height=\"283\" srcset=\"https:\/\/mainospalvelu.net\/wp-content\/uploads\/2020\/04\/autoasi.jpg 848w, https:\/\/mainospalvelu.net\/wp-content\/uploads\/2020\/04\/autoasi-300x100.jpg 300w, https:\/\/mainospalvelu.net\/wp-content\/uploads\/2020\/04\/autoasi-768x256.jpg 768w, https:\/\/mainospalvelu.net\/wp-content\/uploads\/2020\/04\/autoasi-150x50.jpg 150w\" sizes=\"auto, (max-width: 848px) 100vw, 848px\" \/><em>\u00d6rumin asiakaslehti Autoasiaa vuosilta\u00a0 2012\u20132019<\/em><\/p>\n<p style=\"text-align: center;\"><img loading=\"lazy\" decoding=\"async\" class=\"aligncenter wp-image-768\" src=\"http:\/\/mainospalvelu.net\/wp-content\/uploads\/2020\/06\/hml-lehdet2-300x137.jpg\" alt=\"\" width=\"848\" height=\"388\" srcset=\"https:\/\/mainospalvelu.net\/wp-content\/uploads\/2020\/06\/hml-lehdet2-300x137.jpg 300w, https:\/\/mainospalvelu.net\/wp-content\/uploads\/2020\/06\/hml-lehdet2-768x352.jpg 768w, https:\/\/mainospalvelu.net\/wp-content\/uploads\/2020\/06\/hml-lehdet2-150x69.jpg 150w, https:\/\/mainospalvelu.net\/wp-content\/uploads\/2020\/06\/hml-lehdet2.jpg 935w\" sizes=\"auto, (max-width: 848px) 100vw, 848px\" \/><em>H\u00e4meenlinnan kaupunginmuseon asiakaslehti\u00e4 2018\u20132020<\/em><em><br \/>\n<\/em><\/p>\n<p style=\"text-align: center;\"><img loading=\"lazy\" decoding=\"async\" class=\"wp-image-216 size-full aligncenter\" src=\"http:\/\/mainospalvelu.net\/wp-content\/uploads\/2020\/04\/nurmijarvilehtikoonti.jpg\" alt=\"\" width=\"848\" height=\"283\" srcset=\"https:\/\/mainospalvelu.net\/wp-content\/uploads\/2020\/04\/nurmijarvilehtikoonti.jpg 848w, https:\/\/mainospalvelu.net\/wp-content\/uploads\/2020\/04\/nurmijarvilehtikoonti-300x100.jpg 300w, https:\/\/mainospalvelu.net\/wp-content\/uploads\/2020\/04\/nurmijarvilehtikoonti-768x256.jpg 768w, https:\/\/mainospalvelu.net\/wp-content\/uploads\/2020\/04\/nurmijarvilehtikoonti-150x50.jpg 150w\" sizes=\"auto, (max-width: 848px) 100vw, 848px\" \/><em>Nurmij\u00e4rven kunnan tabloid-kokoisia tiedotuslehti\u00e4 vuosilta 2008\u20132019<\/em><\/p>\n<p style=\"text-align: center;\"><img loading=\"lazy\" decoding=\"async\" class=\"wp-image-242 size-full aligncenter\" src=\"http:\/\/mainospalvelu.net\/wp-content\/uploads\/2020\/04\/urk.jpg\" alt=\"\" width=\"848\" height=\"283\" srcset=\"https:\/\/mainospalvelu.net\/wp-content\/uploads\/2020\/04\/urk.jpg 848w, https:\/\/mainospalvelu.net\/wp-content\/uploads\/2020\/04\/urk-300x100.jpg 300w, https:\/\/mainospalvelu.net\/wp-content\/uploads\/2020\/04\/urk-768x256.jpg 768w, https:\/\/mainospalvelu.net\/wp-content\/uploads\/2020\/04\/urk-150x50.jpg 150w\" sizes=\"auto, (max-width: 848px) 100vw, 848px\" \/><em>Uudenmaan Rotukissayhdistyksen j\u00e4senlehti\u00e4 vuosilta 2015\u20132019<\/em><\/p>\n<p style=\"text-align: center;\"><em><img loading=\"lazy\" decoding=\"async\" class=\"alignnone wp-image-255 size-full\" src=\"http:\/\/mainospalvelu.net\/wp-content\/uploads\/2020\/04\/lehtia-3.jpg\" alt=\"\" width=\"848\" height=\"578\" srcset=\"https:\/\/mainospalvelu.net\/wp-content\/uploads\/2020\/04\/lehtia-3.jpg 848w, https:\/\/mainospalvelu.net\/wp-content\/uploads\/2020\/04\/lehtia-3-300x204.jpg 300w, https:\/\/mainospalvelu.net\/wp-content\/uploads\/2020\/04\/lehtia-3-768x523.jpg 768w, https:\/\/mainospalvelu.net\/wp-content\/uploads\/2020\/04\/lehtia-3-150x102.jpg 150w\" sizes=\"auto, (max-width: 848px) 100vw, 848px\" \/><br \/>\nYritys-, yhdistys- ja kotiseutulehti\u00e4 vuosilta 2008\u20132019<\/em><\/p>\n<p style=\"text-align: center;\"><img loading=\"lazy\" decoding=\"async\" class=\"wp-image-347 size-full aligncenter\" src=\"http:\/\/mainospalvelu.net\/wp-content\/uploads\/2020\/04\/L-kuuma.jpg\" alt=\"\" width=\"480\" height=\"300\" srcset=\"https:\/\/mainospalvelu.net\/wp-content\/uploads\/2020\/04\/L-kuuma.jpg 480w, https:\/\/mainospalvelu.net\/wp-content\/uploads\/2020\/04\/L-kuuma-300x188.jpg 300w, https:\/\/mainospalvelu.net\/wp-content\/uploads\/2020\/04\/L-kuuma-150x94.jpg 150w\" sizes=\"auto, (max-width: 480px) 100vw, 480px\" \/><em>Kuumaa kulttuuria 2005\u20132006<\/em><\/p>\n<p style=\"text-align: center;\"><em><img loading=\"lazy\" decoding=\"async\" class=\"alignnone wp-image-250 size-full\" src=\"http:\/\/mainospalvelu.net\/wp-content\/uploads\/2020\/04\/orkidea.png\" alt=\"\" width=\"755\" height=\"665\" srcset=\"https:\/\/mainospalvelu.net\/wp-content\/uploads\/2020\/04\/orkidea.png 755w, https:\/\/mainospalvelu.net\/wp-content\/uploads\/2020\/04\/orkidea-300x264.png 300w, https:\/\/mainospalvelu.net\/wp-content\/uploads\/2020\/04\/orkidea-150x132.png 150w, https:\/\/mainospalvelu.net\/wp-content\/uploads\/2020\/04\/orkidea-353x311.png 353w\" sizes=\"auto, (max-width: 755px) 100vw, 755px\" \/><br \/>\nSuomen Orkideayhdistyksen j\u00e4senlehti\u00e4 vuosilta 2010\u20132011<\/em><\/p>\n<p>&nbsp;<\/p>\n","protected":false},"excerpt":{"rendered":"<p>Perussuunnittelusta painovalmiiksi tai s\u00e4hk\u00f6iseksi tuotteeksi Perinteinen lehtitaitto on Mainospalvelun ydinosaamista. Taitamme ja ty\u00f6st\u00e4mme painovalmiiksi asiakaslehdet, harrastus-, yhteis\u00f6- ja yhdistyslehdet. Halutessasi autamme tekstin stilisoinnissa. Lehtitaittojen yhteydess\u00e4 k\u00e4yt\u00f6ss\u00e4si on Mainospalvelun kuvapankki ilman eri veloitusta. Tarvittaessa hoidamme koko projektin alusta loppuun. Suunnittelusta valmiiseen painoty\u00f6h\u00f6n&#8230;<\/p>\n<p> <a class=\"continue-reading-link\" href=\"https:\/\/mainospalvelu.net\/?page_id=141\"><span>Jatka lukemista<\/span><i class=\"crycon-right-dir\"><\/i><\/a> <\/p>\n","protected":false},"author":3,"featured_media":0,"parent":137,"menu_order":0,"comment_status":"closed","ping_status":"closed","template":"","meta":{"footnotes":""},"class_list":["post-141","page","type-page","status-publish","hentry"],"_links":{"self":[{"href":"https:\/\/mainospalvelu.net\/index.php?rest_route=\/wp\/v2\/pages\/141","targetHints":{"allow":["GET"]}}],"collection":[{"href":"https:\/\/mainospalvelu.net\/index.php?rest_route=\/wp\/v2\/pages"}],"about":[{"href":"https:\/\/mainospalvelu.net\/index.php?rest_route=\/wp\/v2\/types\/page"}],"author":[{"embeddable":true,"href":"https:\/\/mainospalvelu.net\/index.php?rest_route=\/wp\/v2\/users\/3"}],"replies":[{"embeddable":true,"href":"https:\/\/mainospalvelu.net\/index.php?rest_route=%2Fwp%2Fv2%2Fcomments&post=141"}],"version-history":[{"count":57,"href":"https:\/\/mainospalvelu.net\/index.php?rest_route=\/wp\/v2\/pages\/141\/revisions"}],"predecessor-version":[{"id":944,"href":"https:\/\/mainospalvelu.net\/index.php?rest_route=\/wp\/v2\/pages\/141\/revisions\/944"}],"up":[{"embeddable":true,"href":"https:\/\/mainospalvelu.net\/index.php?rest_route=\/wp\/v2\/pages\/137"}],"wp:attachment":[{"href":"https:\/\/mainospalvelu.net\/index.php?rest_route=%2Fwp%2Fv2%2Fmedia&parent=141"}],"curies":[{"name":"wp","href":"https:\/\/api.w.org\/{rel}","templated":true}]}}