{"id":137,"date":"2020-04-09T20:34:31","date_gmt":"2020-04-09T20:34:31","guid":{"rendered":"http:\/\/mainospalvelu.net\/?page_id=137"},"modified":"2020-04-13T17:20:56","modified_gmt":"2020-04-13T17:20:56","slug":"taitto","status":"publish","type":"page","link":"https:\/\/mainospalvelu.net\/?page_id=137","title":{"rendered":"Taitto"},"content":{"rendered":"<h2>ANNETAAN AJATUKSELLE MUOTO<\/h2>\n<p>&nbsp;<\/p>\n<h5><em>&#8221;Taitamme lehdet ja muut julkaisut joustavasti ja ammattitaidolla. Meilt\u00e4 saat tarvittaessa apua my\u00f6s sis\u00e4ll\u00f6ntuotantoon, tekstien stilisointiin ja kuvitukseen.&#8221;<\/em><\/h5>\n<p>&nbsp;<\/p>\n<ul>\n<li><a href=\"http:\/\/mainospalvelu.net\/taitto\/lehtitaitto\/\">Lehtitaitot<\/a><\/li>\n<li><a href=\"http:\/\/mainospalvelu.net\/taitto\/kirjat-ja-oppaat\/\">Kirjat ja oppaat<\/a><\/li>\n<li><a href=\"http:\/\/mainospalvelu.net\/taitto\/esitteet-ja-muut-painotyot\/\">Esitteet ja muut painoty\u00f6t<\/a><\/li>\n<\/ul>\n","protected":false},"excerpt":{"rendered":"<p>ANNETAAN AJATUKSELLE MUOTO &nbsp; &#8221;Taitamme lehdet ja muut julkaisut joustavasti ja ammattitaidolla. Meilt\u00e4 saat tarvittaessa apua my\u00f6s sis\u00e4ll\u00f6ntuotantoon, tekstien stilisointiin ja kuvitukseen.&#8221; &nbsp; Lehtitaitot Kirjat ja oppaat Esitteet ja muut painoty\u00f6t<\/p>\n<p> <a class=\"continue-reading-link\" href=\"https:\/\/mainospalvelu.net\/?page_id=137\"><span>Jatka lukemista<\/span><i class=\"crycon-right-dir\"><\/i><\/a> <\/p>\n","protected":false},"author":3,"featured_media":0,"parent":0,"menu_order":0,"comment_status":"closed","ping_status":"closed","template":"","meta":{"footnotes":""},"class_list":["post-137","page","type-page","status-publish","hentry"],"_links":{"self":[{"href":"https:\/\/mainospalvelu.net\/index.php?rest_route=\/wp\/v2\/pages\/137","targetHints":{"allow":["GET"]}}],"collection":[{"href":"https:\/\/mainospalvelu.net\/index.php?rest_route=\/wp\/v2\/pages"}],"about":[{"href":"https:\/\/mainospalvelu.net\/index.php?rest_route=\/wp\/v2\/types\/page"}],"author":[{"embeddable":true,"href":"https:\/\/mainospalvelu.net\/index.php?rest_route=\/wp\/v2\/users\/3"}],"replies":[{"embeddable":true,"href":"https:\/\/mainospalvelu.net\/index.php?rest_route=%2Fwp%2Fv2%2Fcomments&post=137"}],"version-history":[{"count":17,"href":"https:\/\/mainospalvelu.net\/index.php?rest_route=\/wp\/v2\/pages\/137\/revisions"}],"predecessor-version":[{"id":647,"href":"https:\/\/mainospalvelu.net\/index.php?rest_route=\/wp\/v2\/pages\/137\/revisions\/647"}],"wp:attachment":[{"href":"https:\/\/mainospalvelu.net\/index.php?rest_route=%2Fwp%2Fv2%2Fmedia&parent=137"}],"curies":[{"name":"wp","href":"https:\/\/api.w.org\/{rel}","templated":true}]}}