{"id":12,"date":"2018-04-05T08:44:03","date_gmt":"2018-04-05T08:44:03","guid":{"rendered":"http:\/\/mainospalvelu.net\/?page_id=12"},"modified":"2024-08-01T08:01:24","modified_gmt":"2024-08-01T08:01:24","slug":"ilmoitusaineistot","status":"publish","type":"page","link":"https:\/\/mainospalvelu.net\/?page_id=12","title":{"rendered":"Ilmoitusaineistot"},"content":{"rendered":"<h4 style=\"text-align: center;\">Suuret ja pienet ilmoitusaineistot<\/h4>\n<p>&nbsp;<\/p>\n<p style=\"text-align: center;\">Hoidamme ilmoitusmateriaalin suunnittelun ja tuotannon lis\u00e4ksi halutessasi my\u00f6s trafiikin. Perinteisen painetun ilmoitusmateriaalin lis\u00e4ksi teemme my\u00f6s s\u00e4hk\u00f6ist\u00e4 mainontaa. Huomioimme tarvittaessa saavutettavan verkkopalvelun vaatimat tekniset ratkaisut taittoty\u00f6ss\u00e4.<\/p>\n<p>&nbsp;<\/p>\n<p><em><img loading=\"lazy\" decoding=\"async\" class=\"aligncenter wp-image-915 size-full\" src=\"http:\/\/mainospalvelu.net\/wp-content\/uploads\/2024\/08\/golf-toukokuu_AK-Matkat_KEVYT.jpg\" alt=\"\" width=\"1600\" height=\"1032\" srcset=\"https:\/\/mainospalvelu.net\/wp-content\/uploads\/2024\/08\/golf-toukokuu_AK-Matkat_KEVYT.jpg 1600w, https:\/\/mainospalvelu.net\/wp-content\/uploads\/2024\/08\/golf-toukokuu_AK-Matkat_KEVYT-300x194.jpg 300w, https:\/\/mainospalvelu.net\/wp-content\/uploads\/2024\/08\/golf-toukokuu_AK-Matkat_KEVYT-1024x660.jpg 1024w, https:\/\/mainospalvelu.net\/wp-content\/uploads\/2024\/08\/golf-toukokuu_AK-Matkat_KEVYT-768x495.jpg 768w, https:\/\/mainospalvelu.net\/wp-content\/uploads\/2024\/08\/golf-toukokuu_AK-Matkat_KEVYT-1536x991.jpg 1536w, https:\/\/mainospalvelu.net\/wp-content\/uploads\/2024\/08\/golf-toukokuu_AK-Matkat_KEVYT-150x97.jpg 150w\" sizes=\"auto, (max-width: 1600px) 100vw, 1600px\" \/><\/em><\/p>\n<p style=\"text-align: center;\"><em>Golf-lehden aukeamia. AK-Matkat Oy 2024.<\/em><\/p>\n<p><em><img loading=\"lazy\" decoding=\"async\" class=\"aligncenter wp-image-916 size-full\" src=\"http:\/\/mainospalvelu.net\/wp-content\/uploads\/2024\/08\/kesakuu_1-aukeama-KEVYT.jpg\" alt=\"\" width=\"1600\" height=\"1032\" srcset=\"https:\/\/mainospalvelu.net\/wp-content\/uploads\/2024\/08\/kesakuu_1-aukeama-KEVYT.jpg 1600w, https:\/\/mainospalvelu.net\/wp-content\/uploads\/2024\/08\/kesakuu_1-aukeama-KEVYT-300x194.jpg 300w, https:\/\/mainospalvelu.net\/wp-content\/uploads\/2024\/08\/kesakuu_1-aukeama-KEVYT-1024x660.jpg 1024w, https:\/\/mainospalvelu.net\/wp-content\/uploads\/2024\/08\/kesakuu_1-aukeama-KEVYT-768x495.jpg 768w, https:\/\/mainospalvelu.net\/wp-content\/uploads\/2024\/08\/kesakuu_1-aukeama-KEVYT-1536x991.jpg 1536w, https:\/\/mainospalvelu.net\/wp-content\/uploads\/2024\/08\/kesakuu_1-aukeama-KEVYT-150x97.jpg 150w\" sizes=\"auto, (max-width: 1600px) 100vw, 1600px\" \/><\/em><\/p>\n<p>&nbsp;<\/p>\n<p><img loading=\"lazy\" decoding=\"async\" class=\"aligncenter wp-image-633\" src=\"http:\/\/mainospalvelu.net\/wp-content\/uploads\/2020\/04\/90x267_asop_koiramme_valjaat-300x281.jpg\" alt=\"\" width=\"500\" height=\"467\" srcset=\"https:\/\/mainospalvelu.net\/wp-content\/uploads\/2020\/04\/90x267_asop_koiramme_valjaat-300x281.jpg 300w, https:\/\/mainospalvelu.net\/wp-content\/uploads\/2020\/04\/90x267_asop_koiramme_valjaat-768x718.jpg 768w, https:\/\/mainospalvelu.net\/wp-content\/uploads\/2020\/04\/90x267_asop_koiramme_valjaat-150x140.jpg 150w, https:\/\/mainospalvelu.net\/wp-content\/uploads\/2020\/04\/90x267_asop_koiramme_valjaat.jpg 1000w\" sizes=\"auto, (max-width: 500px) 100vw, 500px\" \/><\/p>\n<p style=\"text-align: center;\"><em>Kauppiasmainontaa: Markkinointi ASOP 2018<br \/>\n<\/em><\/p>\n<p style=\"text-align: center;\"><em><img loading=\"lazy\" decoding=\"async\" class=\"wp-image-663 aligncenter\" src=\"http:\/\/mainospalvelu.net\/wp-content\/uploads\/2020\/04\/Wirka_Info_176x59-278x300.jpg\" alt=\"\" width=\"800\" height=\"862\" srcset=\"https:\/\/mainospalvelu.net\/wp-content\/uploads\/2020\/04\/Wirka_Info_176x59-278x300.jpg 278w, https:\/\/mainospalvelu.net\/wp-content\/uploads\/2020\/04\/Wirka_Info_176x59-950x1024.jpg 950w, https:\/\/mainospalvelu.net\/wp-content\/uploads\/2020\/04\/Wirka_Info_176x59-768x828.jpg 768w, https:\/\/mainospalvelu.net\/wp-content\/uploads\/2020\/04\/Wirka_Info_176x59-1425x1536.jpg 1425w, https:\/\/mainospalvelu.net\/wp-content\/uploads\/2020\/04\/Wirka_Info_176x59-139x150.jpg 139w, https:\/\/mainospalvelu.net\/wp-content\/uploads\/2020\/04\/Wirka_Info_176x59.jpg 1598w\" sizes=\"auto, (max-width: 800px) 100vw, 800px\" \/>Piirros ja ilmoitustaittoja: <\/em><em>Virka Info 2014\u20132015, Helsingin kaupunki<\/em><\/p>\n<p>&nbsp;<\/p>\n<p style=\"text-align: center;\"><em>\u00a0<\/em><\/p>\n","protected":false},"excerpt":{"rendered":"<p>Suuret ja pienet ilmoitusaineistot &nbsp; Hoidamme ilmoitusmateriaalin suunnittelun ja tuotannon lis\u00e4ksi halutessasi my\u00f6s trafiikin. Perinteisen painetun ilmoitusmateriaalin lis\u00e4ksi teemme my\u00f6s s\u00e4hk\u00f6ist\u00e4 mainontaa. Huomioimme tarvittaessa saavutettavan verkkopalvelun vaatimat tekniset ratkaisut taittoty\u00f6ss\u00e4. &nbsp; Golf-lehden aukeamia. AK-Matkat Oy 2024. &nbsp; Kauppiasmainontaa: Markkinointi ASOP 2018&#8230;<\/p>\n<p> <a class=\"continue-reading-link\" href=\"https:\/\/mainospalvelu.net\/?page_id=12\"><span>Jatka lukemista<\/span><i class=\"crycon-right-dir\"><\/i><\/a> <\/p>\n","protected":false},"author":3,"featured_media":0,"parent":145,"menu_order":0,"comment_status":"closed","ping_status":"closed","template":"","meta":{"footnotes":""},"class_list":["post-12","page","type-page","status-publish","hentry"],"_links":{"self":[{"href":"https:\/\/mainospalvelu.net\/index.php?rest_route=\/wp\/v2\/pages\/12","targetHints":{"allow":["GET"]}}],"collection":[{"href":"https:\/\/mainospalvelu.net\/index.php?rest_route=\/wp\/v2\/pages"}],"about":[{"href":"https:\/\/mainospalvelu.net\/index.php?rest_route=\/wp\/v2\/types\/page"}],"author":[{"embeddable":true,"href":"https:\/\/mainospalvelu.net\/index.php?rest_route=\/wp\/v2\/users\/3"}],"replies":[{"embeddable":true,"href":"https:\/\/mainospalvelu.net\/index.php?rest_route=%2Fwp%2Fv2%2Fcomments&post=12"}],"version-history":[{"count":27,"href":"https:\/\/mainospalvelu.net\/index.php?rest_route=\/wp\/v2\/pages\/12\/revisions"}],"predecessor-version":[{"id":917,"href":"https:\/\/mainospalvelu.net\/index.php?rest_route=\/wp\/v2\/pages\/12\/revisions\/917"}],"up":[{"embeddable":true,"href":"https:\/\/mainospalvelu.net\/index.php?rest_route=\/wp\/v2\/pages\/145"}],"wp:attachment":[{"href":"https:\/\/mainospalvelu.net\/index.php?rest_route=%2Fwp%2Fv2%2Fmedia&parent=12"}],"curies":[{"name":"wp","href":"https:\/\/api.w.org\/{rel}","templated":true}]}}